{"id":991703,"date":"2025-04-10T01:01:07","date_gmt":"2025-04-10T01:01:07","guid":{"rendered":"https:\/\/tresor.mx\/?page_id=991703"},"modified":"2025-05-26T23:17:16","modified_gmt":"2025-05-26T23:17:16","slug":"loreta-lausana","status":"publish","type":"page","link":"https:\/\/tresor.mx\/en\/brokers\/mediakits\/loreta-lausana\/","title":{"rendered":"Loreta Lausana"},"content":{"rendered":"<div data-elementor-type=\"wp-page\" data-elementor-id=\"991703\" class=\"elementor elementor-991703\" data-elementor-post-type=\"page\">\n\t\t\t\t\t\t<section class=\"elementor-section elementor-top-section elementor-element elementor-element-30999121 elementor-section-boxed elementor-section-height-default elementor-section-height-default\" data-id=\"30999121\" data-element_type=\"section\" data-e-type=\"section\" data-settings=\"{&quot;background_background&quot;:&quot;classic&quot;}\">\n\t\t\t\t\t\t<div class=\"elementor-container elementor-column-gap-default\">\n\t\t\t\t\t<div class=\"elementor-column elementor-col-100 elementor-top-column elementor-element elementor-element-69b7cd80\" data-id=\"69b7cd80\" data-element_type=\"column\" data-e-type=\"column\">\n\t\t\t<div class=\"elementor-widget-wrap elementor-element-populated\">\n\t\t\t\t\t\t<div class=\"elementor-element elementor-element-4787106f elementor-widget elementor-widget-image\" data-id=\"4787106f\" data-element_type=\"widget\" data-e-type=\"widget\" data-widget_type=\"image.default\">\n\t\t\t\t\t\t\t\t\t\t\t\t\t\t\t<img fetchpriority=\"high\" decoding=\"async\" width=\"721\" height=\"137\" src=\"https:\/\/tresor.mx\/wp-content\/uploads\/2025\/04\/loretaLogo.png\" class=\"attachment-large size-large wp-image-991730\" alt=\"\" srcset=\"https:\/\/tresor.mx\/wp-content\/uploads\/2025\/04\/loretaLogo.png 721w, https:\/\/tresor.mx\/wp-content\/uploads\/2025\/04\/loretaLogo-300x57.png 300w, https:\/\/tresor.mx\/wp-content\/uploads\/2025\/04\/loretaLogo-18x3.png 18w\" sizes=\"(max-width: 721px) 100vw, 721px\" \/>\t\t\t\t\t\t\t\t\t\t\t\t\t\t\t<\/div>\n\t\t\t\t<div class=\"elementor-element elementor-element-4abfe3e2 elementor-widget elementor-widget-heading\" data-id=\"4abfe3e2\" data-element_type=\"widget\" data-e-type=\"widget\" data-widget_type=\"heading.default\">\n\t\t\t\t\t<h2 class=\"elementor-heading-title elementor-size-default\">Bienvenido al DRIVE DE VENTAS de Loreta, Lausana Canc\u00fan:<\/h2>\t\t\t\t<\/div>\n\t\t\t\t\t<\/div>\n\t\t<\/div>\n\t\t\t\t\t<\/div>\n\t\t<\/section>\n\t\t\t\t<section class=\"elementor-section elementor-top-section elementor-element elementor-element-78c983ee elementor-section-boxed elementor-section-height-default elementor-section-height-default\" data-id=\"78c983ee\" data-element_type=\"section\" data-e-type=\"section\">\n\t\t\t\t\t\t<div class=\"elementor-container elementor-column-gap-default\">\n\t\t\t\t\t<div class=\"elementor-column elementor-col-50 elementor-top-column elementor-element elementor-element-5e42cded\" data-id=\"5e42cded\" data-element_type=\"column\" data-e-type=\"column\">\n\t\t\t<div class=\"elementor-widget-wrap elementor-element-populated\">\n\t\t\t\t\t\t<div class=\"vamtam-has-theme-widget-styles elementor-element elementor-element-4c6d6b28 elementor-align-center elementor-widget elementor-widget-button\" data-id=\"4c6d6b28\" data-element_type=\"widget\" data-e-type=\"widget\" data-widget_type=\"button.default\">\n\t\t\t\t\t\t\t\t\t\t<a class=\"elementor-button elementor-button-link elementor-size-md\" href=\"https:\/\/drive.google.com\/drive\/folders\/1vf9Tm0sW3Ttv6ntMqSEXowj5XbVej1_B\">\n\t\t\t\t\t\t<span class=\"elementor-button-content-wrapper\">\n\t\t\t\t\t\t\t\t\t<span class=\"elementor-button-text\">Presentaci\u00f3n<\/span>\n\t\t\t\t\t<\/span>\n\t\t\t\t\t<\/a>\n\t\t\t\t\t\t\t\t<\/div>\n\t\t\t\t<div class=\"vamtam-has-theme-widget-styles elementor-element elementor-element-1120d565 elementor-align-center elementor-widget elementor-widget-button\" data-id=\"1120d565\" data-element_type=\"widget\" data-e-type=\"widget\" data-widget_type=\"button.default\">\n\t\t\t\t\t\t\t\t\t\t<a class=\"elementor-button elementor-button-link elementor-size-md\" href=\"https:\/\/drive.google.com\/drive\/folders\/1X4J9zRFjWMljIOuC4PYIgz0CeA2RrO9Q\">\n\t\t\t\t\t\t<span class=\"elementor-button-content-wrapper\">\n\t\t\t\t\t\t\t\t\t<span class=\"elementor-button-text\">Renders<\/span>\n\t\t\t\t\t<\/span>\n\t\t\t\t\t<\/a>\n\t\t\t\t\t\t\t\t<\/div>\n\t\t\t\t<div class=\"vamtam-has-theme-widget-styles elementor-element elementor-element-8436898 elementor-align-center elementor-widget elementor-widget-button\" data-id=\"8436898\" data-element_type=\"widget\" data-e-type=\"widget\" data-widget_type=\"button.default\">\n\t\t\t\t\t\t\t\t\t\t<a class=\"elementor-button elementor-button-link elementor-size-md\" href=\"https:\/\/drive.google.com\/drive\/folders\/1eg1X2nGEbyWDXIbm7SIhjy98pBqh4KRO\">\n\t\t\t\t\t\t<span class=\"elementor-button-content-wrapper\">\n\t\t\t\t\t\t\t\t\t<span class=\"elementor-button-text\">Tour Virtual<\/span>\n\t\t\t\t\t<\/span>\n\t\t\t\t\t<\/a>\n\t\t\t\t\t\t\t\t<\/div>\n\t\t\t\t<div class=\"vamtam-has-theme-widget-styles elementor-element elementor-element-70676838 elementor-align-center elementor-widget elementor-widget-button\" data-id=\"70676838\" data-element_type=\"widget\" data-e-type=\"widget\" data-widget_type=\"button.default\">\n\t\t\t\t\t\t\t\t\t\t<a class=\"elementor-button elementor-button-link elementor-size-md\" href=\"https:\/\/drive.google.com\/drive\/folders\/13yyh_gu66Je3Aa1MvywpkmPRVCLgkLIm\">\n\t\t\t\t\t\t<span class=\"elementor-button-content-wrapper\">\n\t\t\t\t\t\t\t\t\t<span class=\"elementor-button-text\">Avances de Obra<\/span>\n\t\t\t\t\t<\/span>\n\t\t\t\t\t<\/a>\n\t\t\t\t\t\t\t\t<\/div>\n\t\t\t\t\t<\/div>\n\t\t<\/div>\n\t\t\t\t<div class=\"elementor-column elementor-col-50 elementor-top-column elementor-element elementor-element-b3821de\" data-id=\"b3821de\" data-element_type=\"column\" data-e-type=\"column\">\n\t\t\t<div class=\"elementor-widget-wrap elementor-element-populated\">\n\t\t\t\t\t\t<div class=\"vamtam-has-theme-widget-styles elementor-element elementor-element-6a35232e elementor-align-center elementor-widget elementor-widget-button\" data-id=\"6a35232e\" data-element_type=\"widget\" data-e-type=\"widget\" data-widget_type=\"button.default\">\n\t\t\t\t\t\t\t\t\t\t<a class=\"elementor-button elementor-button-link elementor-size-md\" href=\"https:\/\/drive.google.com\/drive\/folders\/17zfqK38-63wJYxu8Q4hWb6F9KIBT-oAi\">\n\t\t\t\t\t\t<span class=\"elementor-button-content-wrapper\">\n\t\t\t\t\t\t\t\t\t<span class=\"elementor-button-text\">Location<\/span>\n\t\t\t\t\t<\/span>\n\t\t\t\t\t<\/a>\n\t\t\t\t\t\t\t\t<\/div>\n\t\t\t\t<div class=\"vamtam-has-theme-widget-styles elementor-element elementor-element-7fab3f62 elementor-align-center elementor-widget elementor-widget-button\" data-id=\"7fab3f62\" data-element_type=\"widget\" data-e-type=\"widget\" data-widget_type=\"button.default\">\n\t\t\t\t\t\t\t\t\t\t<a class=\"elementor-button elementor-button-link elementor-size-md\" href=\"https:\/\/drive.google.com\/drive\/folders\/1q_VulW7CQYSVGOV2aP7dR6liFIPJ3uD1\">\n\t\t\t\t\t\t<span class=\"elementor-button-content-wrapper\">\n\t\t\t\t\t\t\t\t\t<span class=\"elementor-button-text\">Amenidades<\/span>\n\t\t\t\t\t<\/span>\n\t\t\t\t\t<\/a>\n\t\t\t\t\t\t\t\t<\/div>\n\t\t\t\t<div class=\"vamtam-has-theme-widget-styles elementor-element elementor-element-34e7b62e elementor-align-center elementor-widget elementor-widget-button\" data-id=\"34e7b62e\" data-element_type=\"widget\" data-e-type=\"widget\" data-widget_type=\"button.default\">\n\t\t\t\t\t\t\t\t\t\t<a class=\"elementor-button elementor-button-link elementor-size-md\" href=\"https:\/\/drive.google.com\/drive\/folders\/15RnXBlrcbsMwS_w8CqKxS9AEtuZjxZ5U\">\n\t\t\t\t\t\t<span class=\"elementor-button-content-wrapper\">\n\t\t\t\t\t\t\t\t\t<span class=\"elementor-button-text\">Floor Plans<\/span>\n\t\t\t\t\t<\/span>\n\t\t\t\t\t<\/a>\n\t\t\t\t\t\t\t\t<\/div>\n\t\t\t\t<div class=\"vamtam-has-theme-widget-styles elementor-element elementor-element-f967d2d elementor-align-center elementor-widget elementor-widget-button\" data-id=\"f967d2d\" data-element_type=\"widget\" data-e-type=\"widget\" data-widget_type=\"button.default\">\n\t\t\t\t\t\t\t\t\t\t<a class=\"elementor-button elementor-button-link elementor-size-md\" href=\"https:\/\/drive.google.com\/drive\/folders\/1-fSLR1O-DTs1hbvx4zrmYP20ubj93WPd\">\n\t\t\t\t\t\t<span class=\"elementor-button-content-wrapper\">\n\t\t\t\t\t\t\t\t\t<span class=\"elementor-button-text\">Inventario y Lista de Precios<\/span>\n\t\t\t\t\t<\/span>\n\t\t\t\t\t<\/a>\n\t\t\t\t\t\t\t\t<\/div>\n\t\t\t\t\t<\/div>\n\t\t<\/div>\n\t\t\t\t\t<\/div>\n\t\t<\/section>\n\t\t\t\t<section class=\"elementor-section elementor-top-section elementor-element elementor-element-589d2ae3 elementor-section-boxed elementor-section-height-default elementor-section-height-default\" data-id=\"589d2ae3\" data-element_type=\"section\" data-e-type=\"section\">\n\t\t\t\t\t\t<div class=\"elementor-container elementor-column-gap-default\">\n\t\t\t\t\t<div class=\"elementor-column elementor-col-100 elementor-top-column elementor-element elementor-element-3a132570\" data-id=\"3a132570\" data-element_type=\"column\" data-e-type=\"column\">\n\t\t\t<div class=\"elementor-widget-wrap elementor-element-populated\">\n\t\t\t\t\t\t<div class=\"elementor-element elementor-element-2120b956 elementor-widget elementor-widget-image\" data-id=\"2120b956\" data-element_type=\"widget\" data-e-type=\"widget\" data-widget_type=\"image.default\">\n\t\t\t\t\t\t\t\t\t\t\t\t\t\t\t<img decoding=\"async\" width=\"76\" height=\"74\" src=\"https:\/\/tresor.mx\/wp-content\/uploads\/2023\/06\/faviconTresor.svg\" class=\"attachment-large size-large wp-image-989032\" alt=\"\" \/>\t\t\t\t\t\t\t\t\t\t\t\t\t\t\t<\/div>\n\t\t\t\t<div class=\"elementor-element elementor-element-63b38170 elementor-widget elementor-widget-heading\" data-id=\"63b38170\" data-element_type=\"widget\" data-e-type=\"widget\" data-widget_type=\"heading.default\">\n\t\t\t\t\t<h2 class=\"elementor-heading-title elementor-size-default\">Sales Partner<\/h2>\t\t\t\t<\/div>\n\t\t\t\t\t<\/div>\n\t\t<\/div>\n\t\t\t\t\t<\/div>\n\t\t<\/section>\n\t\t\t\t<\/div>","protected":false},"excerpt":{"rendered":"<p>Bienvenido al DRIVE DE VENTAS de Loreta, Lausana Canc\u00fan: Presentaci\u00f3n Renders Tour Virtual Avances de Obra Ubicaci\u00f3n Amenidades Floor Plans Inventario y Lista de Precios Sales Partner<\/p>","protected":false},"author":1,"featured_media":991593,"parent":988225,"menu_order":0,"comment_status":"closed","ping_status":"closed","template":"elementor_canvas","meta":{"_monsterinsights_skip_tracking":false,"_monsterinsights_sitenote_active":false,"_monsterinsights_sitenote_note":"","_monsterinsights_sitenote_category":0,"footnotes":""},"class_list":["post-991703","page","type-page","status-publish","has-post-thumbnail","hentry"],"yoast_head":"<!-- This site is optimized with the Yoast SEO plugin v26.8 - https:\/\/yoast.com\/product\/yoast-seo-wordpress\/ -->\n<title>Loreta, Lausana Canc\u00fan<\/title>\n<meta name=\"description\" content=\"Bienvenido al drive de ventas de Loreta, ubicado en Lausana, aqu\u00ed podr\u00e1s encontrar todo lo necesario para cerrar tu venta.\" \/>\n<meta name=\"robots\" content=\"index, follow, max-snippet:-1, max-image-preview:large, max-video-preview:-1\" \/>\n<link rel=\"canonical\" href=\"https:\/\/tresor.mx\/en\/brokers\/mediakits\/loreta-lausana\/\" \/>\n<meta property=\"og:locale\" content=\"en_US\" \/>\n<meta property=\"og:type\" content=\"article\" \/>\n<meta property=\"og:title\" content=\"Loreta Lausana, Drive de Ventas\" \/>\n<meta property=\"og:description\" content=\"Bienvenido al drive de ventas de Loreta, ubicado en Lausana, aqu\u00ed podr\u00e1s encontrar todo lo necesario para cerrar tu venta.\" \/>\n<meta property=\"og:url\" content=\"https:\/\/tresor.mx\/en\/brokers\/mediakits\/loreta-lausana\/\" \/>\n<meta property=\"og:site_name\" content=\"Desarrollo, Gesti&oacute;n y Comercializaci&oacute;n de Proyectos Inmobiliarios\" \/>\n<meta property=\"article:modified_time\" content=\"2025-05-26T23:17:16+00:00\" \/>\n<meta property=\"og:image\" content=\"https:\/\/tresor.mx\/wp-content\/uploads\/2025\/04\/loreta-1.jpg\" \/>\n\t<meta property=\"og:image:width\" content=\"1024\" \/>\n\t<meta property=\"og:image:height\" content=\"576\" \/>\n\t<meta property=\"og:image:type\" content=\"image\/jpeg\" \/>\n<meta name=\"twitter:card\" content=\"summary_large_image\" \/>\n<meta name=\"twitter:title\" content=\"Loreta Lausana, Drive de Ventas\" \/>\n<meta name=\"twitter:description\" content=\"Bienvenido al drive de ventas de Loreta, ubicado en Lausana, aqu\u00ed podr\u00e1s encontrar todo lo necesario para cerrar tu venta.\" \/>\n<meta name=\"twitter:image\" content=\"https:\/\/tresor.mx\/wp-content\/uploads\/2025\/04\/loreta-1.jpg\" \/>\n<meta name=\"twitter:label1\" content=\"Est. reading time\" \/>\n\t<meta name=\"twitter:data1\" content=\"1 minute\" \/>\n<script type=\"application\/ld+json\" class=\"yoast-schema-graph\">{\"@context\":\"https:\/\/schema.org\",\"@graph\":[{\"@type\":\"WebPage\",\"@id\":\"https:\/\/tresor.mx\/brokers\/mediakits\/loreta-lausana\/\",\"url\":\"https:\/\/tresor.mx\/brokers\/mediakits\/loreta-lausana\/\",\"name\":\"Loreta, Lausana Canc\u00fan\",\"isPartOf\":{\"@id\":\"https:\/\/tresor.mx\/#website\"},\"primaryImageOfPage\":{\"@id\":\"https:\/\/tresor.mx\/brokers\/mediakits\/loreta-lausana\/#primaryimage\"},\"image\":{\"@id\":\"https:\/\/tresor.mx\/brokers\/mediakits\/loreta-lausana\/#primaryimage\"},\"thumbnailUrl\":\"https:\/\/tresor.mx\/wp-content\/uploads\/2025\/04\/loreta-1.jpg\",\"datePublished\":\"2025-04-10T01:01:07+00:00\",\"dateModified\":\"2025-05-26T23:17:16+00:00\",\"description\":\"Bienvenido al drive de ventas de Loreta, ubicado en Lausana, aqu\u00ed podr\u00e1s encontrar todo lo necesario para cerrar tu venta.\",\"breadcrumb\":{\"@id\":\"https:\/\/tresor.mx\/brokers\/mediakits\/loreta-lausana\/#breadcrumb\"},\"inLanguage\":\"en-US\",\"potentialAction\":[{\"@type\":\"ReadAction\",\"target\":[\"https:\/\/tresor.mx\/brokers\/mediakits\/loreta-lausana\/\"]}]},{\"@type\":\"ImageObject\",\"inLanguage\":\"en-US\",\"@id\":\"https:\/\/tresor.mx\/brokers\/mediakits\/loreta-lausana\/#primaryimage\",\"url\":\"https:\/\/tresor.mx\/wp-content\/uploads\/2025\/04\/loreta-1.jpg\",\"contentUrl\":\"https:\/\/tresor.mx\/wp-content\/uploads\/2025\/04\/loreta-1.jpg\",\"width\":1024,\"height\":576},{\"@type\":\"BreadcrumbList\",\"@id\":\"https:\/\/tresor.mx\/brokers\/mediakits\/loreta-lausana\/#breadcrumb\",\"itemListElement\":[{\"@type\":\"ListItem\",\"position\":1,\"name\":\"Portada\",\"item\":\"https:\/\/tresor.mx\/\"},{\"@type\":\"ListItem\",\"position\":2,\"name\":\"Brokers\",\"item\":\"https:\/\/tresor.mx\/brokers\/\"},{\"@type\":\"ListItem\",\"position\":3,\"name\":\"Broker Media Kit\",\"item\":\"https:\/\/tresor.mx\/brokers\/mediakits\/\"},{\"@type\":\"ListItem\",\"position\":4,\"name\":\"Loreta Lausana\"}]},{\"@type\":\"WebSite\",\"@id\":\"https:\/\/tresor.mx\/#website\",\"url\":\"https:\/\/tresor.mx\/\",\"name\":\"Desarrollo, Gesti&oacute;n y Comercializaci&oacute;n de Proyectos Inmobiliarios\",\"description\":\"\",\"publisher\":{\"@id\":\"https:\/\/tresor.mx\/#organization\"},\"potentialAction\":[{\"@type\":\"SearchAction\",\"target\":{\"@type\":\"EntryPoint\",\"urlTemplate\":\"https:\/\/tresor.mx\/?s={search_term_string}\"},\"query-input\":{\"@type\":\"PropertyValueSpecification\",\"valueRequired\":true,\"valueName\":\"search_term_string\"}}],\"inLanguage\":\"en-US\"},{\"@type\":\"Organization\",\"@id\":\"https:\/\/tresor.mx\/#organization\",\"name\":\"Desarrollo, Gesti&oacute;n y Comercializaci&oacute;n de Proyectos Inmobiliarios\",\"url\":\"https:\/\/tresor.mx\/\",\"logo\":{\"@type\":\"ImageObject\",\"inLanguage\":\"en-US\",\"@id\":\"https:\/\/tresor.mx\/#\/schema\/logo\/image\/\",\"url\":\"https:\/\/tresor.mx\/wp-content\/uploads\/2025\/04\/tresorlogo.png\",\"contentUrl\":\"https:\/\/tresor.mx\/wp-content\/uploads\/2025\/04\/tresorlogo.png\",\"width\":405,\"height\":221,\"caption\":\"Desarrollo, Gesti&oacute;n y Comercializaci&oacute;n de Proyectos Inmobiliarios\"},\"image\":{\"@id\":\"https:\/\/tresor.mx\/#\/schema\/logo\/image\/\"}}]}<\/script>\n<!-- \/ Yoast SEO plugin. -->","yoast_head_json":{"title":"Loreta, Lausana Canc\u00fan","description":"Bienvenido al drive de ventas de Loreta, ubicado en Lausana, aqu\u00ed podr\u00e1s encontrar todo lo necesario para cerrar tu venta.","robots":{"index":"index","follow":"follow","max-snippet":"max-snippet:-1","max-image-preview":"max-image-preview:large","max-video-preview":"max-video-preview:-1"},"canonical":"https:\/\/tresor.mx\/en\/brokers\/mediakits\/loreta-lausana\/","og_locale":"en_US","og_type":"article","og_title":"Loreta Lausana, Drive de Ventas","og_description":"Bienvenido al drive de ventas de Loreta, ubicado en Lausana, aqu\u00ed podr\u00e1s encontrar todo lo necesario para cerrar tu venta.","og_url":"https:\/\/tresor.mx\/en\/brokers\/mediakits\/loreta-lausana\/","og_site_name":"Desarrollo, Gesti&oacute;n y Comercializaci&oacute;n de Proyectos Inmobiliarios","article_modified_time":"2025-05-26T23:17:16+00:00","og_image":[{"width":1024,"height":576,"url":"https:\/\/tresor.mx\/wp-content\/uploads\/2025\/04\/loreta-1.jpg","type":"image\/jpeg"}],"twitter_card":"summary_large_image","twitter_title":"Loreta Lausana, Drive de Ventas","twitter_description":"Bienvenido al drive de ventas de Loreta, ubicado en Lausana, aqu\u00ed podr\u00e1s encontrar todo lo necesario para cerrar tu venta.","twitter_image":"https:\/\/tresor.mx\/wp-content\/uploads\/2025\/04\/loreta-1.jpg","twitter_misc":{"Est. reading time":"1 minute"},"schema":{"@context":"https:\/\/schema.org","@graph":[{"@type":"WebPage","@id":"https:\/\/tresor.mx\/brokers\/mediakits\/loreta-lausana\/","url":"https:\/\/tresor.mx\/brokers\/mediakits\/loreta-lausana\/","name":"Loreta, Lausana Canc\u00fan","isPartOf":{"@id":"https:\/\/tresor.mx\/#website"},"primaryImageOfPage":{"@id":"https:\/\/tresor.mx\/brokers\/mediakits\/loreta-lausana\/#primaryimage"},"image":{"@id":"https:\/\/tresor.mx\/brokers\/mediakits\/loreta-lausana\/#primaryimage"},"thumbnailUrl":"https:\/\/tresor.mx\/wp-content\/uploads\/2025\/04\/loreta-1.jpg","datePublished":"2025-04-10T01:01:07+00:00","dateModified":"2025-05-26T23:17:16+00:00","description":"Bienvenido al drive de ventas de Loreta, ubicado en Lausana, aqu\u00ed podr\u00e1s encontrar todo lo necesario para cerrar tu venta.","breadcrumb":{"@id":"https:\/\/tresor.mx\/brokers\/mediakits\/loreta-lausana\/#breadcrumb"},"inLanguage":"en-US","potentialAction":[{"@type":"ReadAction","target":["https:\/\/tresor.mx\/brokers\/mediakits\/loreta-lausana\/"]}]},{"@type":"ImageObject","inLanguage":"en-US","@id":"https:\/\/tresor.mx\/brokers\/mediakits\/loreta-lausana\/#primaryimage","url":"https:\/\/tresor.mx\/wp-content\/uploads\/2025\/04\/loreta-1.jpg","contentUrl":"https:\/\/tresor.mx\/wp-content\/uploads\/2025\/04\/loreta-1.jpg","width":1024,"height":576},{"@type":"BreadcrumbList","@id":"https:\/\/tresor.mx\/brokers\/mediakits\/loreta-lausana\/#breadcrumb","itemListElement":[{"@type":"ListItem","position":1,"name":"Portada","item":"https:\/\/tresor.mx\/"},{"@type":"ListItem","position":2,"name":"Brokers","item":"https:\/\/tresor.mx\/brokers\/"},{"@type":"ListItem","position":3,"name":"Broker Media Kit","item":"https:\/\/tresor.mx\/brokers\/mediakits\/"},{"@type":"ListItem","position":4,"name":"Loreta Lausana"}]},{"@type":"WebSite","@id":"https:\/\/tresor.mx\/#website","url":"https:\/\/tresor.mx\/","name":"Desarrollo, Gesti&oacute;n y Comercializaci&oacute;n de Proyectos Inmobiliarios","description":"","publisher":{"@id":"https:\/\/tresor.mx\/#organization"},"potentialAction":[{"@type":"SearchAction","target":{"@type":"EntryPoint","urlTemplate":"https:\/\/tresor.mx\/?s={search_term_string}"},"query-input":{"@type":"PropertyValueSpecification","valueRequired":true,"valueName":"search_term_string"}}],"inLanguage":"en-US"},{"@type":"Organization","@id":"https:\/\/tresor.mx\/#organization","name":"Desarrollo, Gesti&oacute;n y Comercializaci&oacute;n de Proyectos Inmobiliarios","url":"https:\/\/tresor.mx\/","logo":{"@type":"ImageObject","inLanguage":"en-US","@id":"https:\/\/tresor.mx\/#\/schema\/logo\/image\/","url":"https:\/\/tresor.mx\/wp-content\/uploads\/2025\/04\/tresorlogo.png","contentUrl":"https:\/\/tresor.mx\/wp-content\/uploads\/2025\/04\/tresorlogo.png","width":405,"height":221,"caption":"Desarrollo, Gesti&oacute;n y Comercializaci&oacute;n de Proyectos Inmobiliarios"},"image":{"@id":"https:\/\/tresor.mx\/#\/schema\/logo\/image\/"}}]}},"_links":{"self":[{"href":"https:\/\/tresor.mx\/en\/wp-json\/wp\/v2\/pages\/991703","targetHints":{"allow":["GET"]}}],"collection":[{"href":"https:\/\/tresor.mx\/en\/wp-json\/wp\/v2\/pages"}],"about":[{"href":"https:\/\/tresor.mx\/en\/wp-json\/wp\/v2\/types\/page"}],"author":[{"embeddable":true,"href":"https:\/\/tresor.mx\/en\/wp-json\/wp\/v2\/users\/1"}],"replies":[{"embeddable":true,"href":"https:\/\/tresor.mx\/en\/wp-json\/wp\/v2\/comments?post=991703"}],"version-history":[{"count":19,"href":"https:\/\/tresor.mx\/en\/wp-json\/wp\/v2\/pages\/991703\/revisions"}],"predecessor-version":[{"id":993704,"href":"https:\/\/tresor.mx\/en\/wp-json\/wp\/v2\/pages\/991703\/revisions\/993704"}],"up":[{"embeddable":true,"href":"https:\/\/tresor.mx\/en\/wp-json\/wp\/v2\/pages\/988225"}],"wp:featuredmedia":[{"embeddable":true,"href":"https:\/\/tresor.mx\/en\/wp-json\/wp\/v2\/media\/991593"}],"wp:attachment":[{"href":"https:\/\/tresor.mx\/en\/wp-json\/wp\/v2\/media?parent=991703"}],"curies":[{"name":"wp","href":"https:\/\/api.w.org\/{rel}","templated":true}]}}