{"id":991669,"date":"2025-04-09T16:10:23","date_gmt":"2025-04-09T16:10:23","guid":{"rendered":"https:\/\/tresor.mx\/?page_id=991669"},"modified":"2025-05-26T23:16:55","modified_gmt":"2025-05-26T23:16:55","slug":"ximena-via-cumbres","status":"publish","type":"page","link":"https:\/\/tresor.mx\/en\/brokers\/mediakits\/ximena-via-cumbres\/","title":{"rendered":"Ximena V\u00eda Cumbres"},"content":{"rendered":"<div data-elementor-type=\"wp-page\" data-elementor-id=\"991669\" class=\"elementor elementor-991669\" data-elementor-post-type=\"page\">\n\t\t\t\t\t\t<section class=\"elementor-section elementor-top-section elementor-element elementor-element-5bab7ac8 elementor-section-boxed elementor-section-height-default elementor-section-height-default\" data-id=\"5bab7ac8\" data-element_type=\"section\" data-e-type=\"section\" data-settings=\"{&quot;background_background&quot;:&quot;classic&quot;}\">\n\t\t\t\t\t\t<div class=\"elementor-container elementor-column-gap-default\">\n\t\t\t\t\t<div class=\"elementor-column elementor-col-100 elementor-top-column elementor-element elementor-element-11d74db3\" data-id=\"11d74db3\" data-element_type=\"column\" data-e-type=\"column\">\n\t\t\t<div class=\"elementor-widget-wrap elementor-element-populated\">\n\t\t\t\t\t\t<div class=\"elementor-element elementor-element-52679b05 elementor-widget elementor-widget-image\" data-id=\"52679b05\" data-element_type=\"widget\" data-e-type=\"widget\" data-widget_type=\"image.default\">\n\t\t\t\t\t\t\t\t\t\t\t\t\t\t\t<img fetchpriority=\"high\" decoding=\"async\" width=\"706\" height=\"133\" src=\"https:\/\/tresor.mx\/wp-content\/uploads\/2025\/04\/XimenaLogo.png\" class=\"attachment-large size-large wp-image-991611\" alt=\"\" srcset=\"https:\/\/tresor.mx\/wp-content\/uploads\/2025\/04\/XimenaLogo.png 706w, https:\/\/tresor.mx\/wp-content\/uploads\/2025\/04\/XimenaLogo-300x57.png 300w, https:\/\/tresor.mx\/wp-content\/uploads\/2025\/04\/XimenaLogo-18x3.png 18w\" sizes=\"(max-width: 706px) 100vw, 706px\" \/>\t\t\t\t\t\t\t\t\t\t\t\t\t\t\t<\/div>\n\t\t\t\t<div class=\"elementor-element elementor-element-6633c0a elementor-widget elementor-widget-heading\" data-id=\"6633c0a\" data-element_type=\"widget\" data-e-type=\"widget\" data-widget_type=\"heading.default\">\n\t\t\t\t\t<h2 class=\"elementor-heading-title elementor-size-default\">Bienvenido al DRIVE DE VENTAS de Ximena, V\u00eda Cumbres Canc\u00fan:<\/h2>\t\t\t\t<\/div>\n\t\t\t\t\t<\/div>\n\t\t<\/div>\n\t\t\t\t\t<\/div>\n\t\t<\/section>\n\t\t\t\t<section class=\"elementor-section elementor-top-section elementor-element elementor-element-4c5e4fac elementor-section-boxed elementor-section-height-default elementor-section-height-default\" data-id=\"4c5e4fac\" data-element_type=\"section\" data-e-type=\"section\">\n\t\t\t\t\t\t<div class=\"elementor-container elementor-column-gap-default\">\n\t\t\t\t\t<div class=\"elementor-column elementor-col-50 elementor-top-column elementor-element elementor-element-d945e05\" data-id=\"d945e05\" data-element_type=\"column\" data-e-type=\"column\">\n\t\t\t<div class=\"elementor-widget-wrap elementor-element-populated\">\n\t\t\t\t\t\t<div class=\"vamtam-has-theme-widget-styles elementor-element elementor-element-39d2bb4b elementor-align-center elementor-widget elementor-widget-button\" data-id=\"39d2bb4b\" data-element_type=\"widget\" data-e-type=\"widget\" data-widget_type=\"button.default\">\n\t\t\t\t\t\t\t\t\t\t<a class=\"elementor-button elementor-button-link elementor-size-md\" href=\"https:\/\/drive.google.com\/drive\/folders\/1x6FDl3l3RaLKfXoO_RgFZjHH0_PhCR6R\">\n\t\t\t\t\t\t<span class=\"elementor-button-content-wrapper\">\n\t\t\t\t\t\t\t\t\t<span class=\"elementor-button-text\">Presentaci\u00f3n<\/span>\n\t\t\t\t\t<\/span>\n\t\t\t\t\t<\/a>\n\t\t\t\t\t\t\t\t<\/div>\n\t\t\t\t<div class=\"vamtam-has-theme-widget-styles elementor-element elementor-element-3526b447 elementor-align-center elementor-widget elementor-widget-button\" data-id=\"3526b447\" data-element_type=\"widget\" data-e-type=\"widget\" data-widget_type=\"button.default\">\n\t\t\t\t\t\t\t\t\t\t<a class=\"elementor-button elementor-button-link elementor-size-md\" href=\"https:\/\/drive.google.com\/drive\/folders\/1Y0Y1lZnk5gmnavsSgQoct0dwI9mkyxJh\">\n\t\t\t\t\t\t<span class=\"elementor-button-content-wrapper\">\n\t\t\t\t\t\t\t\t\t<span class=\"elementor-button-text\">Renders<\/span>\n\t\t\t\t\t<\/span>\n\t\t\t\t\t<\/a>\n\t\t\t\t\t\t\t\t<\/div>\n\t\t\t\t<div class=\"vamtam-has-theme-widget-styles elementor-element elementor-element-152fef6f elementor-align-center elementor-widget elementor-widget-button\" data-id=\"152fef6f\" data-element_type=\"widget\" data-e-type=\"widget\" data-widget_type=\"button.default\">\n\t\t\t\t\t\t\t\t\t\t<a class=\"elementor-button elementor-button-link elementor-size-md\" href=\"https:\/\/drive.google.com\/drive\/folders\/1wePba3TRBRIPxVDDGHY5fkSiLRMXPolI\">\n\t\t\t\t\t\t<span class=\"elementor-button-content-wrapper\">\n\t\t\t\t\t\t\t\t\t<span class=\"elementor-button-text\">Tour Virtual<\/span>\n\t\t\t\t\t<\/span>\n\t\t\t\t\t<\/a>\n\t\t\t\t\t\t\t\t<\/div>\n\t\t\t\t<div class=\"vamtam-has-theme-widget-styles elementor-element elementor-element-32c40d80 elementor-align-center elementor-widget elementor-widget-button\" data-id=\"32c40d80\" data-element_type=\"widget\" data-e-type=\"widget\" data-widget_type=\"button.default\">\n\t\t\t\t\t\t\t\t\t\t<a class=\"elementor-button elementor-button-link elementor-size-md\" href=\"https:\/\/drive.google.com\/drive\/folders\/1-eKZpSA_L3DmfftzuGFSeGRfGiCrkvay\">\n\t\t\t\t\t\t<span class=\"elementor-button-content-wrapper\">\n\t\t\t\t\t\t\t\t\t<span class=\"elementor-button-text\">Avances de Obra<\/span>\n\t\t\t\t\t<\/span>\n\t\t\t\t\t<\/a>\n\t\t\t\t\t\t\t\t<\/div>\n\t\t\t\t\t<\/div>\n\t\t<\/div>\n\t\t\t\t<div class=\"elementor-column elementor-col-50 elementor-top-column elementor-element elementor-element-36a239c7\" data-id=\"36a239c7\" data-element_type=\"column\" data-e-type=\"column\">\n\t\t\t<div class=\"elementor-widget-wrap elementor-element-populated\">\n\t\t\t\t\t\t<div class=\"vamtam-has-theme-widget-styles elementor-element elementor-element-2e368317 elementor-align-center elementor-widget elementor-widget-button\" data-id=\"2e368317\" data-element_type=\"widget\" data-e-type=\"widget\" data-widget_type=\"button.default\">\n\t\t\t\t\t\t\t\t\t\t<a class=\"elementor-button elementor-button-link elementor-size-md\" href=\"https:\/\/drive.google.com\/drive\/folders\/1fQ_vz-5JJQj33Yxl0GyC-eKcns-SOm-D\">\n\t\t\t\t\t\t<span class=\"elementor-button-content-wrapper\">\n\t\t\t\t\t\t\t\t\t<span class=\"elementor-button-text\">Location<\/span>\n\t\t\t\t\t<\/span>\n\t\t\t\t\t<\/a>\n\t\t\t\t\t\t\t\t<\/div>\n\t\t\t\t<div class=\"vamtam-has-theme-widget-styles elementor-element elementor-element-66d16ded elementor-align-center elementor-widget elementor-widget-button\" data-id=\"66d16ded\" data-element_type=\"widget\" data-e-type=\"widget\" data-widget_type=\"button.default\">\n\t\t\t\t\t\t\t\t\t\t<a class=\"elementor-button elementor-button-link elementor-size-md\" href=\"https:\/\/drive.google.com\/drive\/folders\/1-6cEDm_n2RMRMHy5ElXMK-66zPdGJ_Bt\">\n\t\t\t\t\t\t<span class=\"elementor-button-content-wrapper\">\n\t\t\t\t\t\t\t\t\t<span class=\"elementor-button-text\">Amenidades<\/span>\n\t\t\t\t\t<\/span>\n\t\t\t\t\t<\/a>\n\t\t\t\t\t\t\t\t<\/div>\n\t\t\t\t<div class=\"vamtam-has-theme-widget-styles elementor-element elementor-element-6d91a769 elementor-align-center elementor-widget elementor-widget-button\" data-id=\"6d91a769\" data-element_type=\"widget\" data-e-type=\"widget\" data-widget_type=\"button.default\">\n\t\t\t\t\t\t\t\t\t\t<a class=\"elementor-button elementor-button-link elementor-size-md\" href=\"https:\/\/drive.google.com\/drive\/folders\/1uGmgfkVr6pOUlVFWq3AH6cz6jPHm046o\">\n\t\t\t\t\t\t<span class=\"elementor-button-content-wrapper\">\n\t\t\t\t\t\t\t\t\t<span class=\"elementor-button-text\">Floor Plans<\/span>\n\t\t\t\t\t<\/span>\n\t\t\t\t\t<\/a>\n\t\t\t\t\t\t\t\t<\/div>\n\t\t\t\t<div class=\"vamtam-has-theme-widget-styles elementor-element elementor-element-440b7a9c elementor-align-center elementor-widget elementor-widget-button\" data-id=\"440b7a9c\" data-element_type=\"widget\" data-e-type=\"widget\" data-widget_type=\"button.default\">\n\t\t\t\t\t\t\t\t\t\t<a class=\"elementor-button elementor-button-link elementor-size-md\" href=\"https:\/\/drive.google.com\/drive\/folders\/1M4DDLDqySdrdCwGvL1-fJCN63bGNQLWj\">\n\t\t\t\t\t\t<span class=\"elementor-button-content-wrapper\">\n\t\t\t\t\t\t\t\t\t<span class=\"elementor-button-text\">Inventario y Lista de Precios<\/span>\n\t\t\t\t\t<\/span>\n\t\t\t\t\t<\/a>\n\t\t\t\t\t\t\t\t<\/div>\n\t\t\t\t\t<\/div>\n\t\t<\/div>\n\t\t\t\t\t<\/div>\n\t\t<\/section>\n\t\t\t\t<section class=\"elementor-section elementor-top-section elementor-element elementor-element-27997637 elementor-section-boxed elementor-section-height-default elementor-section-height-default\" data-id=\"27997637\" data-element_type=\"section\" data-e-type=\"section\">\n\t\t\t\t\t\t<div class=\"elementor-container elementor-column-gap-default\">\n\t\t\t\t\t<div class=\"elementor-column elementor-col-100 elementor-top-column elementor-element elementor-element-7a48d74c\" data-id=\"7a48d74c\" data-element_type=\"column\" data-e-type=\"column\">\n\t\t\t<div class=\"elementor-widget-wrap elementor-element-populated\">\n\t\t\t\t\t\t<div class=\"elementor-element elementor-element-1274a79d elementor-widget elementor-widget-image\" data-id=\"1274a79d\" data-element_type=\"widget\" data-e-type=\"widget\" data-widget_type=\"image.default\">\n\t\t\t\t\t\t\t\t\t\t\t\t\t\t\t<img decoding=\"async\" width=\"76\" height=\"74\" src=\"https:\/\/tresor.mx\/wp-content\/uploads\/2023\/06\/faviconTresor.svg\" class=\"attachment-large size-large wp-image-989032\" alt=\"\" \/>\t\t\t\t\t\t\t\t\t\t\t\t\t\t\t<\/div>\n\t\t\t\t<div class=\"elementor-element elementor-element-2752d3d1 elementor-widget elementor-widget-heading\" data-id=\"2752d3d1\" data-element_type=\"widget\" data-e-type=\"widget\" data-widget_type=\"heading.default\">\n\t\t\t\t\t<h2 class=\"elementor-heading-title elementor-size-default\">Sales Partner<\/h2>\t\t\t\t<\/div>\n\t\t\t\t\t<\/div>\n\t\t<\/div>\n\t\t\t\t\t<\/div>\n\t\t<\/section>\n\t\t\t\t<\/div>","protected":false},"excerpt":{"rendered":"<p>Bienvenido al DRIVE DE VENTAS de Ximena, V\u00eda Cumbres Canc\u00fan: Presentaci\u00f3n Renders Tour Virtual Avances de Obra Ubicaci\u00f3n Amenidades Floor Plans Inventario y Lista de Precios Sales Partner<\/p>","protected":false},"author":1,"featured_media":991592,"parent":988225,"menu_order":0,"comment_status":"closed","ping_status":"closed","template":"elementor_canvas","meta":{"_monsterinsights_skip_tracking":false,"_monsterinsights_sitenote_active":false,"_monsterinsights_sitenote_note":"","_monsterinsights_sitenote_category":0,"footnotes":""},"class_list":["post-991669","page","type-page","status-publish","has-post-thumbnail","hentry"],"yoast_head":"<!-- This site is optimized with the Yoast SEO plugin v26.8 - https:\/\/yoast.com\/product\/yoast-seo-wordpress\/ -->\n<title>Ximena | Drive de Ventas<\/title>\n<meta name=\"description\" content=\"Bienvenido al drive de ventas de Ximena, aqu\u00ed podr\u00e1s acceder a todos los materias necesarios para realizar tu pr\u00f3xima venta.\" \/>\n<meta name=\"robots\" content=\"index, follow, max-snippet:-1, max-image-preview:large, max-video-preview:-1\" \/>\n<link rel=\"canonical\" href=\"https:\/\/tresor.mx\/en\/brokers\/mediakits\/ximena-via-cumbres\/\" \/>\n<meta property=\"og:locale\" content=\"en_US\" \/>\n<meta property=\"og:type\" content=\"article\" \/>\n<meta property=\"og:title\" content=\"ximena-via-cumbres\" \/>\n<meta property=\"og:description\" content=\"Bienvenido al drive de ventas de Ximena, aqu\u00ed podr\u00e1s acceder a todos los materias necesarios para realizar tu pr\u00f3xima venta.\" \/>\n<meta property=\"og:url\" content=\"https:\/\/tresor.mx\/en\/brokers\/mediakits\/ximena-via-cumbres\/\" \/>\n<meta property=\"og:site_name\" content=\"Desarrollo, Gesti&oacute;n y Comercializaci&oacute;n de Proyectos Inmobiliarios\" \/>\n<meta property=\"article:modified_time\" content=\"2025-05-26T23:16:55+00:00\" \/>\n<meta property=\"og:image\" content=\"https:\/\/tresor.mx\/wp-content\/uploads\/2025\/04\/Ximena-1.jpg\" \/>\n\t<meta property=\"og:image:width\" content=\"1024\" \/>\n\t<meta property=\"og:image:height\" content=\"576\" \/>\n\t<meta property=\"og:image:type\" content=\"image\/jpeg\" \/>\n<meta name=\"twitter:card\" content=\"summary_large_image\" \/>\n<meta name=\"twitter:title\" content=\"ximena-via-cumbres\" \/>\n<meta name=\"twitter:description\" content=\"Bienvenido al drive de ventas de Ximena, aqu\u00ed podr\u00e1s acceder a todos los materias necesarios para realizar tu pr\u00f3xima venta.\" \/>\n<meta name=\"twitter:image\" content=\"https:\/\/tresor.mx\/wp-content\/uploads\/2025\/04\/Ximena-1.jpg\" \/>\n<meta name=\"twitter:label1\" content=\"Est. reading time\" \/>\n\t<meta name=\"twitter:data1\" content=\"1 minute\" \/>\n<script type=\"application\/ld+json\" class=\"yoast-schema-graph\">{\"@context\":\"https:\/\/schema.org\",\"@graph\":[{\"@type\":\"WebPage\",\"@id\":\"https:\/\/tresor.mx\/brokers\/mediakits\/ximena-via-cumbres\/\",\"url\":\"https:\/\/tresor.mx\/brokers\/mediakits\/ximena-via-cumbres\/\",\"name\":\"Ximena | Drive de Ventas\",\"isPartOf\":{\"@id\":\"https:\/\/tresor.mx\/#website\"},\"primaryImageOfPage\":{\"@id\":\"https:\/\/tresor.mx\/brokers\/mediakits\/ximena-via-cumbres\/#primaryimage\"},\"image\":{\"@id\":\"https:\/\/tresor.mx\/brokers\/mediakits\/ximena-via-cumbres\/#primaryimage\"},\"thumbnailUrl\":\"https:\/\/tresor.mx\/wp-content\/uploads\/2025\/04\/Ximena-1.jpg\",\"datePublished\":\"2025-04-09T16:10:23+00:00\",\"dateModified\":\"2025-05-26T23:16:55+00:00\",\"description\":\"Bienvenido al drive de ventas de Ximena, aqu\u00ed podr\u00e1s acceder a todos los materias necesarios para realizar tu pr\u00f3xima venta.\",\"breadcrumb\":{\"@id\":\"https:\/\/tresor.mx\/brokers\/mediakits\/ximena-via-cumbres\/#breadcrumb\"},\"inLanguage\":\"en-US\",\"potentialAction\":[{\"@type\":\"ReadAction\",\"target\":[\"https:\/\/tresor.mx\/brokers\/mediakits\/ximena-via-cumbres\/\"]}]},{\"@type\":\"ImageObject\",\"inLanguage\":\"en-US\",\"@id\":\"https:\/\/tresor.mx\/brokers\/mediakits\/ximena-via-cumbres\/#primaryimage\",\"url\":\"https:\/\/tresor.mx\/wp-content\/uploads\/2025\/04\/Ximena-1.jpg\",\"contentUrl\":\"https:\/\/tresor.mx\/wp-content\/uploads\/2025\/04\/Ximena-1.jpg\",\"width\":1024,\"height\":576},{\"@type\":\"BreadcrumbList\",\"@id\":\"https:\/\/tresor.mx\/brokers\/mediakits\/ximena-via-cumbres\/#breadcrumb\",\"itemListElement\":[{\"@type\":\"ListItem\",\"position\":1,\"name\":\"Portada\",\"item\":\"https:\/\/tresor.mx\/\"},{\"@type\":\"ListItem\",\"position\":2,\"name\":\"Brokers\",\"item\":\"https:\/\/tresor.mx\/brokers\/\"},{\"@type\":\"ListItem\",\"position\":3,\"name\":\"Broker Media Kit\",\"item\":\"https:\/\/tresor.mx\/brokers\/mediakits\/\"},{\"@type\":\"ListItem\",\"position\":4,\"name\":\"Ximena V\u00eda Cumbres\"}]},{\"@type\":\"WebSite\",\"@id\":\"https:\/\/tresor.mx\/#website\",\"url\":\"https:\/\/tresor.mx\/\",\"name\":\"Desarrollo, Gesti&oacute;n y Comercializaci&oacute;n de Proyectos Inmobiliarios\",\"description\":\"\",\"publisher\":{\"@id\":\"https:\/\/tresor.mx\/#organization\"},\"potentialAction\":[{\"@type\":\"SearchAction\",\"target\":{\"@type\":\"EntryPoint\",\"urlTemplate\":\"https:\/\/tresor.mx\/?s={search_term_string}\"},\"query-input\":{\"@type\":\"PropertyValueSpecification\",\"valueRequired\":true,\"valueName\":\"search_term_string\"}}],\"inLanguage\":\"en-US\"},{\"@type\":\"Organization\",\"@id\":\"https:\/\/tresor.mx\/#organization\",\"name\":\"Desarrollo, Gesti&oacute;n y Comercializaci&oacute;n de Proyectos Inmobiliarios\",\"url\":\"https:\/\/tresor.mx\/\",\"logo\":{\"@type\":\"ImageObject\",\"inLanguage\":\"en-US\",\"@id\":\"https:\/\/tresor.mx\/#\/schema\/logo\/image\/\",\"url\":\"https:\/\/tresor.mx\/wp-content\/uploads\/2025\/04\/tresorlogo.png\",\"contentUrl\":\"https:\/\/tresor.mx\/wp-content\/uploads\/2025\/04\/tresorlogo.png\",\"width\":405,\"height\":221,\"caption\":\"Desarrollo, Gesti&oacute;n y Comercializaci&oacute;n de Proyectos Inmobiliarios\"},\"image\":{\"@id\":\"https:\/\/tresor.mx\/#\/schema\/logo\/image\/\"}}]}<\/script>\n<!-- \/ Yoast SEO plugin. -->","yoast_head_json":{"title":"Ximena | Drive de Ventas","description":"Bienvenido al drive de ventas de Ximena, aqu\u00ed podr\u00e1s acceder a todos los materias necesarios para realizar tu pr\u00f3xima venta.","robots":{"index":"index","follow":"follow","max-snippet":"max-snippet:-1","max-image-preview":"max-image-preview:large","max-video-preview":"max-video-preview:-1"},"canonical":"https:\/\/tresor.mx\/en\/brokers\/mediakits\/ximena-via-cumbres\/","og_locale":"en_US","og_type":"article","og_title":"ximena-via-cumbres","og_description":"Bienvenido al drive de ventas de Ximena, aqu\u00ed podr\u00e1s acceder a todos los materias necesarios para realizar tu pr\u00f3xima venta.","og_url":"https:\/\/tresor.mx\/en\/brokers\/mediakits\/ximena-via-cumbres\/","og_site_name":"Desarrollo, Gesti&oacute;n y Comercializaci&oacute;n de Proyectos Inmobiliarios","article_modified_time":"2025-05-26T23:16:55+00:00","og_image":[{"width":1024,"height":576,"url":"https:\/\/tresor.mx\/wp-content\/uploads\/2025\/04\/Ximena-1.jpg","type":"image\/jpeg"}],"twitter_card":"summary_large_image","twitter_title":"ximena-via-cumbres","twitter_description":"Bienvenido al drive de ventas de Ximena, aqu\u00ed podr\u00e1s acceder a todos los materias necesarios para realizar tu pr\u00f3xima venta.","twitter_image":"https:\/\/tresor.mx\/wp-content\/uploads\/2025\/04\/Ximena-1.jpg","twitter_misc":{"Est. reading time":"1 minute"},"schema":{"@context":"https:\/\/schema.org","@graph":[{"@type":"WebPage","@id":"https:\/\/tresor.mx\/brokers\/mediakits\/ximena-via-cumbres\/","url":"https:\/\/tresor.mx\/brokers\/mediakits\/ximena-via-cumbres\/","name":"Ximena | Drive de Ventas","isPartOf":{"@id":"https:\/\/tresor.mx\/#website"},"primaryImageOfPage":{"@id":"https:\/\/tresor.mx\/brokers\/mediakits\/ximena-via-cumbres\/#primaryimage"},"image":{"@id":"https:\/\/tresor.mx\/brokers\/mediakits\/ximena-via-cumbres\/#primaryimage"},"thumbnailUrl":"https:\/\/tresor.mx\/wp-content\/uploads\/2025\/04\/Ximena-1.jpg","datePublished":"2025-04-09T16:10:23+00:00","dateModified":"2025-05-26T23:16:55+00:00","description":"Bienvenido al drive de ventas de Ximena, aqu\u00ed podr\u00e1s acceder a todos los materias necesarios para realizar tu pr\u00f3xima venta.","breadcrumb":{"@id":"https:\/\/tresor.mx\/brokers\/mediakits\/ximena-via-cumbres\/#breadcrumb"},"inLanguage":"en-US","potentialAction":[{"@type":"ReadAction","target":["https:\/\/tresor.mx\/brokers\/mediakits\/ximena-via-cumbres\/"]}]},{"@type":"ImageObject","inLanguage":"en-US","@id":"https:\/\/tresor.mx\/brokers\/mediakits\/ximena-via-cumbres\/#primaryimage","url":"https:\/\/tresor.mx\/wp-content\/uploads\/2025\/04\/Ximena-1.jpg","contentUrl":"https:\/\/tresor.mx\/wp-content\/uploads\/2025\/04\/Ximena-1.jpg","width":1024,"height":576},{"@type":"BreadcrumbList","@id":"https:\/\/tresor.mx\/brokers\/mediakits\/ximena-via-cumbres\/#breadcrumb","itemListElement":[{"@type":"ListItem","position":1,"name":"Portada","item":"https:\/\/tresor.mx\/"},{"@type":"ListItem","position":2,"name":"Brokers","item":"https:\/\/tresor.mx\/brokers\/"},{"@type":"ListItem","position":3,"name":"Broker Media Kit","item":"https:\/\/tresor.mx\/brokers\/mediakits\/"},{"@type":"ListItem","position":4,"name":"Ximena V\u00eda Cumbres"}]},{"@type":"WebSite","@id":"https:\/\/tresor.mx\/#website","url":"https:\/\/tresor.mx\/","name":"Desarrollo, Gesti&oacute;n y Comercializaci&oacute;n de Proyectos Inmobiliarios","description":"","publisher":{"@id":"https:\/\/tresor.mx\/#organization"},"potentialAction":[{"@type":"SearchAction","target":{"@type":"EntryPoint","urlTemplate":"https:\/\/tresor.mx\/?s={search_term_string}"},"query-input":{"@type":"PropertyValueSpecification","valueRequired":true,"valueName":"search_term_string"}}],"inLanguage":"en-US"},{"@type":"Organization","@id":"https:\/\/tresor.mx\/#organization","name":"Desarrollo, Gesti&oacute;n y Comercializaci&oacute;n de Proyectos Inmobiliarios","url":"https:\/\/tresor.mx\/","logo":{"@type":"ImageObject","inLanguage":"en-US","@id":"https:\/\/tresor.mx\/#\/schema\/logo\/image\/","url":"https:\/\/tresor.mx\/wp-content\/uploads\/2025\/04\/tresorlogo.png","contentUrl":"https:\/\/tresor.mx\/wp-content\/uploads\/2025\/04\/tresorlogo.png","width":405,"height":221,"caption":"Desarrollo, Gesti&oacute;n y Comercializaci&oacute;n de Proyectos Inmobiliarios"},"image":{"@id":"https:\/\/tresor.mx\/#\/schema\/logo\/image\/"}}]}},"_links":{"self":[{"href":"https:\/\/tresor.mx\/en\/wp-json\/wp\/v2\/pages\/991669","targetHints":{"allow":["GET"]}}],"collection":[{"href":"https:\/\/tresor.mx\/en\/wp-json\/wp\/v2\/pages"}],"about":[{"href":"https:\/\/tresor.mx\/en\/wp-json\/wp\/v2\/types\/page"}],"author":[{"embeddable":true,"href":"https:\/\/tresor.mx\/en\/wp-json\/wp\/v2\/users\/1"}],"replies":[{"embeddable":true,"href":"https:\/\/tresor.mx\/en\/wp-json\/wp\/v2\/comments?post=991669"}],"version-history":[{"count":13,"href":"https:\/\/tresor.mx\/en\/wp-json\/wp\/v2\/pages\/991669\/revisions"}],"predecessor-version":[{"id":993701,"href":"https:\/\/tresor.mx\/en\/wp-json\/wp\/v2\/pages\/991669\/revisions\/993701"}],"up":[{"embeddable":true,"href":"https:\/\/tresor.mx\/en\/wp-json\/wp\/v2\/pages\/988225"}],"wp:featuredmedia":[{"embeddable":true,"href":"https:\/\/tresor.mx\/en\/wp-json\/wp\/v2\/media\/991592"}],"wp:attachment":[{"href":"https:\/\/tresor.mx\/en\/wp-json\/wp\/v2\/media?parent=991669"}],"curies":[{"name":"wp","href":"https:\/\/api.w.org\/{rel}","templated":true}]}}