{"id":989445,"date":"2023-10-03T16:38:36","date_gmt":"2023-10-03T16:38:36","guid":{"rendered":"https:\/\/tresor.mx\/?page_id=989445"},"modified":"2023-10-03T18:25:25","modified_gmt":"2023-10-03T18:25:25","slug":"artes-internos","status":"publish","type":"page","link":"https:\/\/tresor.mx\/en\/artes-internos\/","title":{"rendered":"Artes para Clientes y Brokers | Uso Interno"},"content":{"rendered":"<div data-elementor-type=\"wp-page\" data-elementor-id=\"989445\" class=\"elementor elementor-989445\" data-elementor-post-type=\"page\">\n\t\t\t\t\t\t<section class=\"elementor-section elementor-top-section elementor-element elementor-element-6c4447ec elementor-section-boxed elementor-section-height-default elementor-section-height-default\" data-id=\"6c4447ec\" data-element_type=\"section\" data-e-type=\"section\">\n\t\t\t\t\t\t<div class=\"elementor-container elementor-column-gap-default\">\n\t\t\t\t\t<div class=\"elementor-column elementor-col-100 elementor-top-column elementor-element elementor-element-12480f45\" data-id=\"12480f45\" data-element_type=\"column\" data-e-type=\"column\">\n\t\t\t<div class=\"elementor-widget-wrap elementor-element-populated\">\n\t\t\t\t\t\t<div class=\"elementor-element elementor-element-1d53df49 elementor-widget elementor-widget-image\" data-id=\"1d53df49\" data-element_type=\"widget\" data-e-type=\"widget\" data-widget_type=\"image.default\">\n\t\t\t\t\t\t\t\t\t\t\t\t\t\t\t<img fetchpriority=\"high\" decoding=\"async\" width=\"408\" height=\"220\" src=\"https:\/\/tresor.mx\/wp-content\/uploads\/2023\/06\/LogoTresorB.svg\" class=\"attachment-large size-large wp-image-988992\" alt=\"\" \/>\t\t\t\t\t\t\t\t\t\t\t\t\t\t\t<\/div>\n\t\t\t\t<div class=\"elementor-element elementor-element-12b0e943 elementor-widget elementor-widget-heading\" data-id=\"12b0e943\" data-element_type=\"widget\" data-e-type=\"widget\" data-widget_type=\"heading.default\">\n\t\t\t\t\t<h2 class=\"elementor-heading-title elementor-size-default\">Hola!! aqu\u00ed encontrar\u00e1s todos los artes necesarios para que compartas con tus clientes y brokers. As\u00ed como una gu\u00eda de textos que te servir\u00e1n de apoyo para que puedas publicar en tus redes sociales.<\/h2>\t\t\t\t<\/div>\n\t\t\t\t<div class=\"elementor-element elementor-element-d551560 elementor-widget elementor-widget-heading\" data-id=\"d551560\" data-element_type=\"widget\" data-e-type=\"widget\" data-widget_type=\"heading.default\">\n\t\t\t\t\t<h2 class=\"elementor-heading-title elementor-size-default\">Esta liga es de uso interno del equipo, por favor no la compartas.<\/h2>\t\t\t\t<\/div>\n\t\t\t\t\t<\/div>\n\t\t<\/div>\n\t\t\t\t\t<\/div>\n\t\t<\/section>\n\t\t\t\t<section class=\"elementor-section elementor-top-section elementor-element elementor-element-34899648 elementor-section-boxed elementor-section-height-default elementor-section-height-default\" data-id=\"34899648\" data-element_type=\"section\" data-e-type=\"section\">\n\t\t\t\t\t\t<div class=\"elementor-container elementor-column-gap-default\">\n\t\t\t\t\t<div class=\"elementor-column elementor-col-100 elementor-top-column elementor-element elementor-element-26c1e5e\" data-id=\"26c1e5e\" data-element_type=\"column\" data-e-type=\"column\">\n\t\t\t<div class=\"elementor-widget-wrap elementor-element-populated\">\n\t\t\t\t\t\t<div class=\"vamtam-has-theme-widget-styles elementor-element elementor-element-37438a elementor-align-center elementor-widget elementor-widget-button\" data-id=\"37438a\" data-element_type=\"widget\" data-e-type=\"widget\" data-widget_type=\"button.default\">\n\t\t\t\t\t\t\t\t\t\t<a class=\"elementor-button elementor-button-link elementor-size-md\" href=\"https:\/\/drive.google.com\/drive\/u\/0\/folders\/1nfy8Q5Tcg_7JTkCl-GU_4aqWFEcglquO\">\n\t\t\t\t\t\t<span class=\"elementor-button-content-wrapper\">\n\t\t\t\t\t\t\t\t\t<span class=\"elementor-button-text\">Artes Clientes<\/span>\n\t\t\t\t\t<\/span>\n\t\t\t\t\t<\/a>\n\t\t\t\t\t\t\t\t<\/div>\n\t\t\t\t<div class=\"vamtam-has-theme-widget-styles elementor-element elementor-element-52c8cf65 elementor-align-center elementor-widget elementor-widget-button\" data-id=\"52c8cf65\" data-element_type=\"widget\" data-e-type=\"widget\" data-widget_type=\"button.default\">\n\t\t\t\t\t\t\t\t\t\t<a class=\"elementor-button elementor-button-link elementor-size-md\" href=\"https:\/\/drive.google.com\/drive\/u\/0\/folders\/17TMeRt9IN5suzpwPmzXoDOETxuMt6BUW\">\n\t\t\t\t\t\t<span class=\"elementor-button-content-wrapper\">\n\t\t\t\t\t\t\t\t\t<span class=\"elementor-button-text\">Artes Brokers<\/span>\n\t\t\t\t\t<\/span>\n\t\t\t\t\t<\/a>\n\t\t\t\t\t\t\t\t<\/div>\n\t\t\t\t<div class=\"vamtam-has-theme-widget-styles elementor-element elementor-element-df76b4a elementor-align-center elementor-widget elementor-widget-button\" data-id=\"df76b4a\" data-element_type=\"widget\" data-e-type=\"widget\" data-widget_type=\"button.default\">\n\t\t\t\t\t\t\t\t\t\t<a class=\"elementor-button elementor-button-link elementor-size-md\" href=\"https:\/\/drive.google.com\/drive\/u\/0\/folders\/1s4Ts5G7rTPAJq2P5cJGWbs99vwmQExsp\">\n\t\t\t\t\t\t<span class=\"elementor-button-content-wrapper\">\n\t\t\t\t\t\t\t\t\t<span class=\"elementor-button-text\">Tarjetas Digitales<\/span>\n\t\t\t\t\t<\/span>\n\t\t\t\t\t<\/a>\n\t\t\t\t\t\t\t\t<\/div>\n\t\t\t\t\t<\/div>\n\t\t<\/div>\n\t\t\t\t\t<\/div>\n\t\t<\/section>\n\t\t\t\t<section class=\"elementor-section elementor-top-section elementor-element elementor-element-11e2f398 elementor-section-boxed elementor-section-height-default elementor-section-height-default\" data-id=\"11e2f398\" data-element_type=\"section\" data-e-type=\"section\">\n\t\t\t\t\t\t<div class=\"elementor-container elementor-column-gap-default\">\n\t\t\t\t\t<div class=\"elementor-column elementor-col-100 elementor-top-column elementor-element elementor-element-37777efa\" data-id=\"37777efa\" data-element_type=\"column\" data-e-type=\"column\">\n\t\t\t<div class=\"elementor-widget-wrap elementor-element-populated\">\n\t\t\t\t\t\t<div class=\"elementor-element elementor-element-5e3adfe4 elementor-widget elementor-widget-heading\" data-id=\"5e3adfe4\" data-element_type=\"widget\" data-e-type=\"widget\" data-widget_type=\"heading.default\">\n\t\t\t\t\t<h2 class=\"elementor-heading-title elementor-size-default\">Somos Master Broker<\/h2>\t\t\t\t<\/div>\n\t\t\t\t\t<\/div>\n\t\t<\/div>\n\t\t\t\t\t<\/div>\n\t\t<\/section>\n\t\t\t\t<\/div>","protected":false},"excerpt":{"rendered":"<p>Hola!! aqu\u00ed encontrar\u00e1s todos los artes necesarios para que compartas con tus clientes y brokers. As\u00ed como una gu\u00eda de textos que te servir\u00e1n de apoyo para que puedas publicar en tus redes sociales.<\/p>","protected":false},"author":1,"featured_media":987720,"parent":0,"menu_order":0,"comment_status":"closed","ping_status":"closed","template":"elementor_canvas","meta":{"_monsterinsights_skip_tracking":false,"_monsterinsights_sitenote_active":false,"_monsterinsights_sitenote_note":"","_monsterinsights_sitenote_category":0,"footnotes":""},"class_list":["post-989445","page","type-page","status-publish","has-post-thumbnail","hentry"],"yoast_head":"<!-- This site is optimized with the Yoast SEO plugin v26.8 - https:\/\/yoast.com\/product\/yoast-seo-wordpress\/ -->\n<title>Artes para Clientes y Brokers | Uso Interno<\/title>\n<meta name=\"description\" content=\"Hola!! aqu\u00ed encontrar\u00e1s todos los artes necesarios para que compartas con tus clientes y brokers. As\u00ed como una gu\u00eda de textos que te servir\u00e1n de apoyo para que puedas publicar en tus redes sociales.\" \/>\n<meta name=\"robots\" content=\"index, follow, max-snippet:-1, max-image-preview:large, max-video-preview:-1\" \/>\n<link rel=\"canonical\" href=\"https:\/\/tresor.mx\/en\/artes-internos\/\" \/>\n<meta property=\"og:locale\" content=\"en_US\" \/>\n<meta property=\"og:type\" content=\"article\" \/>\n<meta property=\"og:title\" content=\"Artes para Clientes y Brokers | Uso Interno\" \/>\n<meta property=\"og:description\" content=\"Hola!! aqu\u00ed encontrar\u00e1s todos los artes necesarios para que compartas con tus clientes y brokers. As\u00ed como una gu\u00eda de textos que te servir\u00e1n de apoyo para que puedas publicar en tus redes sociales.\" \/>\n<meta property=\"og:url\" content=\"https:\/\/tresor.mx\/en\/artes-internos\/\" \/>\n<meta property=\"og:site_name\" content=\"Desarrollo, Gesti&oacute;n y Comercializaci&oacute;n de Proyectos Inmobiliarios\" \/>\n<meta property=\"article:modified_time\" content=\"2023-10-03T18:25:25+00:00\" \/>\n<meta property=\"og:image\" content=\"https:\/\/tresor.mx\/wp-content\/uploads\/2023\/05\/TresorCuadrado.jpg\" \/>\n\t<meta property=\"og:image:width\" content=\"1072\" \/>\n\t<meta property=\"og:image:height\" content=\"992\" \/>\n\t<meta property=\"og:image:type\" content=\"image\/jpeg\" \/>\n<meta name=\"twitter:card\" content=\"summary_large_image\" \/>\n<meta name=\"twitter:label1\" content=\"Est. reading time\" \/>\n\t<meta name=\"twitter:data1\" content=\"1 minute\" \/>\n<script type=\"application\/ld+json\" class=\"yoast-schema-graph\">{\"@context\":\"https:\/\/schema.org\",\"@graph\":[{\"@type\":\"WebPage\",\"@id\":\"https:\/\/tresor.mx\/artes-internos\/\",\"url\":\"https:\/\/tresor.mx\/artes-internos\/\",\"name\":\"Artes para Clientes y Brokers | Uso Interno\",\"isPartOf\":{\"@id\":\"https:\/\/tresor.mx\/#website\"},\"primaryImageOfPage\":{\"@id\":\"https:\/\/tresor.mx\/artes-internos\/#primaryimage\"},\"image\":{\"@id\":\"https:\/\/tresor.mx\/artes-internos\/#primaryimage\"},\"thumbnailUrl\":\"https:\/\/tresor.mx\/wp-content\/uploads\/2023\/04\/TresorCuadrado.jpg\",\"datePublished\":\"2023-10-03T16:38:36+00:00\",\"dateModified\":\"2023-10-03T18:25:25+00:00\",\"description\":\"Hola!! aqu\u00ed encontrar\u00e1s todos los artes necesarios para que compartas con tus clientes y brokers. As\u00ed como una gu\u00eda de textos que te servir\u00e1n de apoyo para que puedas publicar en tus redes sociales.\",\"breadcrumb\":{\"@id\":\"https:\/\/tresor.mx\/artes-internos\/#breadcrumb\"},\"inLanguage\":\"en-US\",\"potentialAction\":[{\"@type\":\"ReadAction\",\"target\":[\"https:\/\/tresor.mx\/artes-internos\/\"]}]},{\"@type\":\"ImageObject\",\"inLanguage\":\"en-US\",\"@id\":\"https:\/\/tresor.mx\/artes-internos\/#primaryimage\",\"url\":\"https:\/\/tresor.mx\/wp-content\/uploads\/2023\/04\/TresorCuadrado.jpg\",\"contentUrl\":\"https:\/\/tresor.mx\/wp-content\/uploads\/2023\/04\/TresorCuadrado.jpg\",\"width\":1072,\"height\":992},{\"@type\":\"BreadcrumbList\",\"@id\":\"https:\/\/tresor.mx\/artes-internos\/#breadcrumb\",\"itemListElement\":[{\"@type\":\"ListItem\",\"position\":1,\"name\":\"Portada\",\"item\":\"https:\/\/tresor.mx\/\"},{\"@type\":\"ListItem\",\"position\":2,\"name\":\"Artes para Clientes y Brokers | Uso Interno\"}]},{\"@type\":\"WebSite\",\"@id\":\"https:\/\/tresor.mx\/#website\",\"url\":\"https:\/\/tresor.mx\/\",\"name\":\"Desarrollo, Gesti&oacute;n y Comercializaci&oacute;n de Proyectos Inmobiliarios\",\"description\":\"\",\"publisher\":{\"@id\":\"https:\/\/tresor.mx\/#organization\"},\"potentialAction\":[{\"@type\":\"SearchAction\",\"target\":{\"@type\":\"EntryPoint\",\"urlTemplate\":\"https:\/\/tresor.mx\/?s={search_term_string}\"},\"query-input\":{\"@type\":\"PropertyValueSpecification\",\"valueRequired\":true,\"valueName\":\"search_term_string\"}}],\"inLanguage\":\"en-US\"},{\"@type\":\"Organization\",\"@id\":\"https:\/\/tresor.mx\/#organization\",\"name\":\"Desarrollo, Gesti&oacute;n y Comercializaci&oacute;n de Proyectos Inmobiliarios\",\"url\":\"https:\/\/tresor.mx\/\",\"logo\":{\"@type\":\"ImageObject\",\"inLanguage\":\"en-US\",\"@id\":\"https:\/\/tresor.mx\/#\/schema\/logo\/image\/\",\"url\":\"https:\/\/tresor.mx\/wp-content\/uploads\/2025\/04\/tresorlogo.png\",\"contentUrl\":\"https:\/\/tresor.mx\/wp-content\/uploads\/2025\/04\/tresorlogo.png\",\"width\":405,\"height\":221,\"caption\":\"Desarrollo, Gesti&oacute;n y Comercializaci&oacute;n de Proyectos Inmobiliarios\"},\"image\":{\"@id\":\"https:\/\/tresor.mx\/#\/schema\/logo\/image\/\"}}]}<\/script>\n<!-- \/ Yoast SEO plugin. -->","yoast_head_json":{"title":"Artes para Clientes y Brokers | Uso Interno","description":"Hola!! aqu\u00ed encontrar\u00e1s todos los artes necesarios para que compartas con tus clientes y brokers. As\u00ed como una gu\u00eda de textos que te servir\u00e1n de apoyo para que puedas publicar en tus redes sociales.","robots":{"index":"index","follow":"follow","max-snippet":"max-snippet:-1","max-image-preview":"max-image-preview:large","max-video-preview":"max-video-preview:-1"},"canonical":"https:\/\/tresor.mx\/en\/artes-internos\/","og_locale":"en_US","og_type":"article","og_title":"Artes para Clientes y Brokers | Uso Interno","og_description":"Hola!! aqu\u00ed encontrar\u00e1s todos los artes necesarios para que compartas con tus clientes y brokers. As\u00ed como una gu\u00eda de textos que te servir\u00e1n de apoyo para que puedas publicar en tus redes sociales.","og_url":"https:\/\/tresor.mx\/en\/artes-internos\/","og_site_name":"Desarrollo, Gesti&oacute;n y Comercializaci&oacute;n de Proyectos Inmobiliarios","article_modified_time":"2023-10-03T18:25:25+00:00","og_image":[{"width":1072,"height":992,"url":"https:\/\/tresor.mx\/wp-content\/uploads\/2023\/05\/TresorCuadrado.jpg","type":"image\/jpeg"}],"twitter_card":"summary_large_image","twitter_misc":{"Est. reading time":"1 minute"},"schema":{"@context":"https:\/\/schema.org","@graph":[{"@type":"WebPage","@id":"https:\/\/tresor.mx\/artes-internos\/","url":"https:\/\/tresor.mx\/artes-internos\/","name":"Artes para Clientes y Brokers | Uso Interno","isPartOf":{"@id":"https:\/\/tresor.mx\/#website"},"primaryImageOfPage":{"@id":"https:\/\/tresor.mx\/artes-internos\/#primaryimage"},"image":{"@id":"https:\/\/tresor.mx\/artes-internos\/#primaryimage"},"thumbnailUrl":"https:\/\/tresor.mx\/wp-content\/uploads\/2023\/04\/TresorCuadrado.jpg","datePublished":"2023-10-03T16:38:36+00:00","dateModified":"2023-10-03T18:25:25+00:00","description":"Hola!! aqu\u00ed encontrar\u00e1s todos los artes necesarios para que compartas con tus clientes y brokers. As\u00ed como una gu\u00eda de textos que te servir\u00e1n de apoyo para que puedas publicar en tus redes sociales.","breadcrumb":{"@id":"https:\/\/tresor.mx\/artes-internos\/#breadcrumb"},"inLanguage":"en-US","potentialAction":[{"@type":"ReadAction","target":["https:\/\/tresor.mx\/artes-internos\/"]}]},{"@type":"ImageObject","inLanguage":"en-US","@id":"https:\/\/tresor.mx\/artes-internos\/#primaryimage","url":"https:\/\/tresor.mx\/wp-content\/uploads\/2023\/04\/TresorCuadrado.jpg","contentUrl":"https:\/\/tresor.mx\/wp-content\/uploads\/2023\/04\/TresorCuadrado.jpg","width":1072,"height":992},{"@type":"BreadcrumbList","@id":"https:\/\/tresor.mx\/artes-internos\/#breadcrumb","itemListElement":[{"@type":"ListItem","position":1,"name":"Portada","item":"https:\/\/tresor.mx\/"},{"@type":"ListItem","position":2,"name":"Artes para Clientes y Brokers | Uso Interno"}]},{"@type":"WebSite","@id":"https:\/\/tresor.mx\/#website","url":"https:\/\/tresor.mx\/","name":"Desarrollo, Gesti&oacute;n y Comercializaci&oacute;n de Proyectos Inmobiliarios","description":"","publisher":{"@id":"https:\/\/tresor.mx\/#organization"},"potentialAction":[{"@type":"SearchAction","target":{"@type":"EntryPoint","urlTemplate":"https:\/\/tresor.mx\/?s={search_term_string}"},"query-input":{"@type":"PropertyValueSpecification","valueRequired":true,"valueName":"search_term_string"}}],"inLanguage":"en-US"},{"@type":"Organization","@id":"https:\/\/tresor.mx\/#organization","name":"Desarrollo, Gesti&oacute;n y Comercializaci&oacute;n de Proyectos Inmobiliarios","url":"https:\/\/tresor.mx\/","logo":{"@type":"ImageObject","inLanguage":"en-US","@id":"https:\/\/tresor.mx\/#\/schema\/logo\/image\/","url":"https:\/\/tresor.mx\/wp-content\/uploads\/2025\/04\/tresorlogo.png","contentUrl":"https:\/\/tresor.mx\/wp-content\/uploads\/2025\/04\/tresorlogo.png","width":405,"height":221,"caption":"Desarrollo, Gesti&oacute;n y Comercializaci&oacute;n de Proyectos Inmobiliarios"},"image":{"@id":"https:\/\/tresor.mx\/#\/schema\/logo\/image\/"}}]}},"_links":{"self":[{"href":"https:\/\/tresor.mx\/en\/wp-json\/wp\/v2\/pages\/989445","targetHints":{"allow":["GET"]}}],"collection":[{"href":"https:\/\/tresor.mx\/en\/wp-json\/wp\/v2\/pages"}],"about":[{"href":"https:\/\/tresor.mx\/en\/wp-json\/wp\/v2\/types\/page"}],"author":[{"embeddable":true,"href":"https:\/\/tresor.mx\/en\/wp-json\/wp\/v2\/users\/1"}],"replies":[{"embeddable":true,"href":"https:\/\/tresor.mx\/en\/wp-json\/wp\/v2\/comments?post=989445"}],"version-history":[{"count":26,"href":"https:\/\/tresor.mx\/en\/wp-json\/wp\/v2\/pages\/989445\/revisions"}],"predecessor-version":[{"id":989471,"href":"https:\/\/tresor.mx\/en\/wp-json\/wp\/v2\/pages\/989445\/revisions\/989471"}],"wp:featuredmedia":[{"embeddable":true,"href":"https:\/\/tresor.mx\/en\/wp-json\/wp\/v2\/media\/987720"}],"wp:attachment":[{"href":"https:\/\/tresor.mx\/en\/wp-json\/wp\/v2\/media?parent=989445"}],"curies":[{"name":"wp","href":"https:\/\/api.w.org\/{rel}","templated":true}]}}