{"id":988958,"date":"2023-05-03T16:15:32","date_gmt":"2023-05-03T16:15:32","guid":{"rendered":"https:\/\/tresorrealestate.com\/?page_id=988958"},"modified":"2025-09-17T18:28:41","modified_gmt":"2025-09-17T18:28:41","slug":"comercializacion","status":"publish","type":"page","link":"https:\/\/tresor.mx\/en\/comercializacion\/","title":{"rendered":"Comercializaci\u00f3n"},"content":{"rendered":"<div data-elementor-type=\"wp-page\" data-elementor-id=\"988958\" class=\"elementor elementor-988958\" data-elementor-post-type=\"page\">\n\t\t\t\t\t\t<section class=\"elementor-section elementor-top-section elementor-element elementor-element-fdf917c elementor-section-height-min-height elementor-section-items-stretch elementor-section-content-middle elementor-section-boxed elementor-section-height-default\" data-id=\"fdf917c\" data-element_type=\"section\" data-e-type=\"section\" data-settings=\"{&quot;background_background&quot;:&quot;classic&quot;}\">\n\t\t\t\t\t\t\t<div class=\"elementor-background-overlay\"><\/div>\n\t\t\t\t\t\t\t<div class=\"elementor-container elementor-column-gap-no\">\n\t\t\t\t\t<div class=\"elementor-column elementor-col-100 elementor-top-column elementor-element elementor-element-22f86d7f\" data-id=\"22f86d7f\" data-element_type=\"column\" data-e-type=\"column\">\n\t\t\t<div class=\"elementor-widget-wrap elementor-element-populated\">\n\t\t\t\t\t\t<div class=\"elementor-element elementor-element-5aa24b87 elementor-widget elementor-widget-heading\" data-id=\"5aa24b87\" data-element_type=\"widget\" data-e-type=\"widget\" data-widget_type=\"heading.default\">\n\t\t\t\t\t<h2 class=\"elementor-heading-title elementor-size-default\">We are your sales partner<\/h2>\t\t\t\t<\/div>\n\t\t\t\t<div class=\"elementor-element elementor-element-21a8d287 elementor-widget elementor-widget-text-editor\" data-id=\"21a8d287\" data-element_type=\"widget\" data-e-type=\"widget\" data-widget_type=\"text-editor.default\">\n\t\t\t\t\t\t\t\t\t<p>We become your sales management to achieve your real estate success.<\/p>\t\t\t\t\t\t\t\t<\/div>\n\t\t\t\t\t<\/div>\n\t\t<\/div>\n\t\t\t\t\t<\/div>\n\t\t<\/section>\n\t\t\t\t<section class=\"elementor-section elementor-top-section elementor-element elementor-element-082d930 elementor-section-boxed elementor-section-height-default elementor-section-height-default\" data-id=\"082d930\" data-element_type=\"section\" data-e-type=\"section\">\n\t\t\t\t\t\t<div class=\"elementor-container elementor-column-gap-default\">\n\t\t\t\t\t<div class=\"elementor-column elementor-col-100 elementor-top-column elementor-element elementor-element-8d99f09\" data-id=\"8d99f09\" data-element_type=\"column\" data-e-type=\"column\">\n\t\t\t<div class=\"elementor-widget-wrap elementor-element-populated\">\n\t\t\t\t\t\t<div class=\"elementor-element elementor-element-aac7b33 elementor-widget elementor-widget-text-editor\" data-id=\"aac7b33\" data-element_type=\"widget\" data-e-type=\"widget\" data-widget_type=\"text-editor.default\">\n\t\t\t\t\t\t\t\t\t<p>Somos una empresa l\u00edder en el mercado inmobiliario, con la experiencia de un Master Broker, la visi\u00f3n estrat\u00e9gica de un Sales Partner y el respaldo de una Agencia de Bienes Ra\u00edces. Ofrecemos soluciones integrales que abarcan desde la planeaci\u00f3n y comercializaci\u00f3n de desarrollos hasta la compra y venta de propiedades, brindando asesor\u00eda experta, estrategias personalizadas y un servicio de excelencia que asegura resultados y la satisfacci\u00f3n de nuestros clientes.<\/p>\t\t\t\t\t\t\t\t<\/div>\n\t\t\t\t<div class=\"elementor-element elementor-element-75ffc917 elementor-widget-divider--view-line elementor-widget elementor-widget-divider\" data-id=\"75ffc917\" data-element_type=\"widget\" data-e-type=\"widget\" data-widget_type=\"divider.default\">\n\t\t\t\t\t\t\t<div class=\"elementor-divider\">\n\t\t\t<span class=\"elementor-divider-separator\">\n\t\t\t\t\t\t<\/span>\n\t\t<\/div>\n\t\t\t\t\t\t<\/div>\n\t\t\t\t\t<\/div>\n\t\t<\/div>\n\t\t\t\t\t<\/div>\n\t\t<\/section>\n\t\t\t\t<section class=\"elementor-section elementor-top-section elementor-element elementor-element-3e48cd44 elementor-section-content-middle elementor-section-boxed elementor-section-height-default elementor-section-height-default\" data-id=\"3e48cd44\" data-element_type=\"section\" data-e-type=\"section\">\n\t\t\t\t\t\t<div class=\"elementor-container elementor-column-gap-default\">\n\t\t\t\t\t<div class=\"elementor-column elementor-col-50 elementor-top-column elementor-element elementor-element-3110a3ab\" data-id=\"3110a3ab\" data-element_type=\"column\" data-e-type=\"column\">\n\t\t\t<div class=\"elementor-widget-wrap elementor-element-populated\">\n\t\t\t\t\t\t<div class=\"elementor-element elementor-element-3ece65f4 elementor-hidden-mobile elementor--h-position-center elementor--v-position-middle elementor-arrows-position-inside elementor-pagination-position-inside elementor-widget elementor-widget-slides\" data-id=\"3ece65f4\" data-element_type=\"widget\" data-e-type=\"widget\" data-settings=\"{&quot;navigation&quot;:&quot;both&quot;,&quot;autoplay&quot;:&quot;yes&quot;,&quot;pause_on_hover&quot;:&quot;yes&quot;,&quot;pause_on_interaction&quot;:&quot;yes&quot;,&quot;autoplay_speed&quot;:5000,&quot;infinite&quot;:&quot;yes&quot;,&quot;transition&quot;:&quot;slide&quot;,&quot;transition_speed&quot;:500}\" data-widget_type=\"slides.default\">\n\t\t\t\t\t\t\t\t\t\t<div class=\"elementor-slides-wrapper elementor-main-swiper swiper\" role=\"region\" aria-roledescription=\"carousel\" aria-label=\"Slides\" dir=\"ltr\" data-animation=\"fadeInUp\">\n\t\t\t\t<div class=\"swiper-wrapper elementor-slides\">\n\t\t\t\t\t\t\t\t\t\t<div class=\"elementor-repeater-item-fd1f20d swiper-slide\" role=\"group\" aria-roledescription=\"slide\"><div class=\"swiper-slide-bg\" role=\"img\" aria-label=\"A\"><\/div><div class=\"swiper-slide-inner\" ><div class=\"swiper-slide-contents\"><\/div><\/div><\/div>\t\t\t\t<\/div>\n\t\t\t\t\t\t\t<\/div>\n\t\t\t\t\t\t\t\t<\/div>\n\t\t\t\t\t<\/div>\n\t\t<\/div>\n\t\t\t\t<div class=\"elementor-column elementor-col-50 elementor-top-column elementor-element elementor-element-5c84377f\" data-id=\"5c84377f\" data-element_type=\"column\" data-e-type=\"column\">\n\t\t\t<div class=\"elementor-widget-wrap elementor-element-populated\">\n\t\t\t\t\t\t<div class=\"elementor-element elementor-element-58991631 elementor-view-default elementor-position-block-start elementor-mobile-position-block-start elementor-widget elementor-widget-icon-box\" data-id=\"58991631\" data-element_type=\"widget\" data-e-type=\"widget\" data-widget_type=\"icon-box.default\">\n\t\t\t\t\t\t\t<div class=\"elementor-icon-box-wrapper\">\n\n\t\t\t\t\t\t<div class=\"elementor-icon-box-icon\">\n\t\t\t\t<span  class=\"elementor-icon\">\n\t\t\t\t\t\t\t\t<\/span>\n\t\t\t<\/div>\n\t\t\t\n\t\t\t\t\t\t<div class=\"elementor-icon-box-content\">\n\n\t\t\t\t\t\t\t\t\t<h3 class=\"elementor-icon-box-title\">\n\t\t\t\t\t\t<span  >\n\t\t\t\t\t\t\tMaster Broker\t\t\t\t\t\t<\/span>\n\t\t\t\t\t<\/h3>\n\t\t\t\t\n\t\t\t\t\t\t\t\t\t<p class=\"elementor-icon-box-description\">\n\t\t\t\t\t\tComercializaci\u00f3n de desarrollos de manera integral, dise\u00f1ando estrategias de marketing y ventas, construyendo s\u00f3lidas redes de brokers aliados y garantizando que cada proyecto alcance su m\u00e1ximo potencial en el mercado.\t\t\t\t\t<\/p>\n\t\t\t\t\n\t\t\t<\/div>\n\t\t\t\n\t\t<\/div>\n\t\t\t\t\t\t<\/div>\n\t\t\t\t\t<\/div>\n\t\t<\/div>\n\t\t\t\t\t<\/div>\n\t\t<\/section>\n\t\t\t\t<section class=\"elementor-section elementor-top-section elementor-element elementor-element-0ce225a elementor-section-boxed elementor-section-height-default elementor-section-height-default\" data-id=\"0ce225a\" data-element_type=\"section\" data-e-type=\"section\">\n\t\t\t\t\t\t<div class=\"elementor-container elementor-column-gap-default\">\n\t\t\t\t\t<div class=\"elementor-column elementor-col-100 elementor-top-column elementor-element elementor-element-83f491d\" data-id=\"83f491d\" data-element_type=\"column\" data-e-type=\"column\">\n\t\t\t<div class=\"elementor-widget-wrap elementor-element-populated\">\n\t\t\t\t\t\t<div class=\"elementor-element elementor-element-6dbe514 elementor-widget-divider--view-line elementor-widget elementor-widget-divider\" data-id=\"6dbe514\" data-element_type=\"widget\" data-e-type=\"widget\" data-widget_type=\"divider.default\">\n\t\t\t\t\t\t\t<div class=\"elementor-divider\">\n\t\t\t<span class=\"elementor-divider-separator\">\n\t\t\t\t\t\t<\/span>\n\t\t<\/div>\n\t\t\t\t\t\t<\/div>\n\t\t\t\t\t<\/div>\n\t\t<\/div>\n\t\t\t\t\t<\/div>\n\t\t<\/section>\n\t\t\t\t<section class=\"elementor-section elementor-top-section elementor-element elementor-element-eac446a elementor-section-content-middle elementor-section-boxed elementor-section-height-default elementor-section-height-default\" data-id=\"eac446a\" data-element_type=\"section\" data-e-type=\"section\">\n\t\t\t\t\t\t<div class=\"elementor-container elementor-column-gap-default\">\n\t\t\t\t\t<div class=\"elementor-column elementor-col-50 elementor-top-column elementor-element elementor-element-9d5d9e6\" data-id=\"9d5d9e6\" data-element_type=\"column\" data-e-type=\"column\">\n\t\t\t<div class=\"elementor-widget-wrap elementor-element-populated\">\n\t\t\t\t\t\t<div class=\"elementor-element elementor-element-274238a elementor-hidden-mobile elementor--h-position-center elementor--v-position-middle elementor-arrows-position-inside elementor-pagination-position-inside elementor-widget elementor-widget-slides\" data-id=\"274238a\" data-element_type=\"widget\" data-e-type=\"widget\" data-settings=\"{&quot;navigation&quot;:&quot;both&quot;,&quot;autoplay&quot;:&quot;yes&quot;,&quot;pause_on_hover&quot;:&quot;yes&quot;,&quot;pause_on_interaction&quot;:&quot;yes&quot;,&quot;autoplay_speed&quot;:5000,&quot;infinite&quot;:&quot;yes&quot;,&quot;transition&quot;:&quot;slide&quot;,&quot;transition_speed&quot;:500}\" data-widget_type=\"slides.default\">\n\t\t\t\t\t\t\t\t\t\t<div class=\"elementor-slides-wrapper elementor-main-swiper swiper\" role=\"region\" aria-roledescription=\"carousel\" aria-label=\"Slides\" dir=\"ltr\" data-animation=\"fadeInUp\">\n\t\t\t\t<div class=\"swiper-wrapper elementor-slides\">\n\t\t\t\t\t\t\t\t\t\t<div class=\"elementor-repeater-item-fd1f20d swiper-slide\" role=\"group\" aria-roledescription=\"slide\"><div class=\"swiper-slide-bg\" role=\"img\" aria-label=\"B\"><\/div><div class=\"swiper-slide-inner\" ><div class=\"swiper-slide-contents\"><\/div><\/div><\/div>\t\t\t\t<\/div>\n\t\t\t\t\t\t\t<\/div>\n\t\t\t\t\t\t\t\t<\/div>\n\t\t\t\t\t<\/div>\n\t\t<\/div>\n\t\t\t\t<div class=\"elementor-column elementor-col-50 elementor-top-column elementor-element elementor-element-0af0fb6\" data-id=\"0af0fb6\" data-element_type=\"column\" data-e-type=\"column\">\n\t\t\t<div class=\"elementor-widget-wrap elementor-element-populated\">\n\t\t\t\t\t\t<div class=\"elementor-element elementor-element-f22fd7b elementor-view-default elementor-position-block-start elementor-mobile-position-block-start elementor-widget elementor-widget-icon-box\" data-id=\"f22fd7b\" data-element_type=\"widget\" data-e-type=\"widget\" data-widget_type=\"icon-box.default\">\n\t\t\t\t\t\t\t<div class=\"elementor-icon-box-wrapper\">\n\n\t\t\t\t\t\t<div class=\"elementor-icon-box-icon\">\n\t\t\t\t<span  class=\"elementor-icon\">\n\t\t\t\t\t\t\t\t<\/span>\n\t\t\t<\/div>\n\t\t\t\n\t\t\t\t\t\t<div class=\"elementor-icon-box-content\">\n\n\t\t\t\t\t\t\t\t\t<h3 class=\"elementor-icon-box-title\">\n\t\t\t\t\t\t<span  >\n\t\t\t\t\t\t\tSales Partner\t\t\t\t\t\t<\/span>\n\t\t\t\t\t<\/h3>\n\t\t\t\t\n\t\t\t\t\t\t\t\t\t<p class=\"elementor-icon-box-description\">\n\t\t\t\t\t\tNos integramos a tu equipo comercial para impulsar ventas, aportando experiencia en marketing, manejo de leads, capacitaci\u00f3n de asesores y conexi\u00f3n con una s\u00f3lida red de brokers aliados.\t\t\t\t\t<\/p>\n\t\t\t\t\n\t\t\t<\/div>\n\t\t\t\n\t\t<\/div>\n\t\t\t\t\t\t<\/div>\n\t\t\t\t\t<\/div>\n\t\t<\/div>\n\t\t\t\t\t<\/div>\n\t\t<\/section>\n\t\t\t\t<section class=\"elementor-section elementor-top-section elementor-element elementor-element-0146897 elementor-section-boxed elementor-section-height-default elementor-section-height-default\" data-id=\"0146897\" data-element_type=\"section\" data-e-type=\"section\">\n\t\t\t\t\t\t<div class=\"elementor-container elementor-column-gap-default\">\n\t\t\t\t\t<div class=\"elementor-column elementor-col-100 elementor-top-column elementor-element elementor-element-2354124\" data-id=\"2354124\" data-element_type=\"column\" data-e-type=\"column\">\n\t\t\t<div class=\"elementor-widget-wrap elementor-element-populated\">\n\t\t\t\t\t\t<div class=\"elementor-element elementor-element-b750272 elementor-widget-divider--view-line elementor-widget elementor-widget-divider\" data-id=\"b750272\" data-element_type=\"widget\" data-e-type=\"widget\" data-widget_type=\"divider.default\">\n\t\t\t\t\t\t\t<div class=\"elementor-divider\">\n\t\t\t<span class=\"elementor-divider-separator\">\n\t\t\t\t\t\t<\/span>\n\t\t<\/div>\n\t\t\t\t\t\t<\/div>\n\t\t\t\t\t<\/div>\n\t\t<\/div>\n\t\t\t\t\t<\/div>\n\t\t<\/section>\n\t\t\t\t<section class=\"elementor-section elementor-top-section elementor-element elementor-element-eddf12d elementor-section-content-middle elementor-section-boxed elementor-section-height-default elementor-section-height-default\" data-id=\"eddf12d\" data-element_type=\"section\" data-e-type=\"section\">\n\t\t\t\t\t\t<div class=\"elementor-container elementor-column-gap-default\">\n\t\t\t\t\t<div class=\"elementor-column elementor-col-50 elementor-top-column elementor-element elementor-element-dff4dab\" data-id=\"dff4dab\" data-element_type=\"column\" data-e-type=\"column\">\n\t\t\t<div class=\"elementor-widget-wrap elementor-element-populated\">\n\t\t\t\t\t\t<div class=\"elementor-element elementor-element-8f0cfd7 elementor-hidden-mobile elementor--h-position-center elementor--v-position-middle elementor-arrows-position-inside elementor-pagination-position-inside elementor-widget elementor-widget-slides\" data-id=\"8f0cfd7\" data-element_type=\"widget\" data-e-type=\"widget\" data-settings=\"{&quot;navigation&quot;:&quot;both&quot;,&quot;autoplay&quot;:&quot;yes&quot;,&quot;pause_on_hover&quot;:&quot;yes&quot;,&quot;pause_on_interaction&quot;:&quot;yes&quot;,&quot;autoplay_speed&quot;:5000,&quot;infinite&quot;:&quot;yes&quot;,&quot;transition&quot;:&quot;slide&quot;,&quot;transition_speed&quot;:500}\" data-widget_type=\"slides.default\">\n\t\t\t\t\t\t\t\t\t\t<div class=\"elementor-slides-wrapper elementor-main-swiper swiper\" role=\"region\" aria-roledescription=\"carousel\" aria-label=\"Slides\" dir=\"ltr\" data-animation=\"fadeInUp\">\n\t\t\t\t<div class=\"swiper-wrapper elementor-slides\">\n\t\t\t\t\t\t\t\t\t\t<div class=\"elementor-repeater-item-fd1f20d swiper-slide\" role=\"group\" aria-roledescription=\"slide\"><div class=\"swiper-slide-bg\" role=\"img\" aria-label=\"Agencia.jpg\"><\/div><div class=\"swiper-slide-inner\" ><div class=\"swiper-slide-contents\"><\/div><\/div><\/div>\t\t\t\t<\/div>\n\t\t\t\t\t\t\t<\/div>\n\t\t\t\t\t\t\t\t<\/div>\n\t\t\t\t\t<\/div>\n\t\t<\/div>\n\t\t\t\t<div class=\"elementor-column elementor-col-50 elementor-top-column elementor-element elementor-element-0369c2a\" data-id=\"0369c2a\" data-element_type=\"column\" data-e-type=\"column\">\n\t\t\t<div class=\"elementor-widget-wrap elementor-element-populated\">\n\t\t\t\t\t\t<div class=\"elementor-element elementor-element-34fd9b7 elementor-view-default elementor-position-block-start elementor-mobile-position-block-start elementor-widget elementor-widget-icon-box\" data-id=\"34fd9b7\" data-element_type=\"widget\" data-e-type=\"widget\" data-widget_type=\"icon-box.default\">\n\t\t\t\t\t\t\t<div class=\"elementor-icon-box-wrapper\">\n\n\t\t\t\t\t\t<div class=\"elementor-icon-box-icon\">\n\t\t\t\t<span  class=\"elementor-icon\">\n\t\t\t\t\t\t\t\t<\/span>\n\t\t\t<\/div>\n\t\t\t\n\t\t\t\t\t\t<div class=\"elementor-icon-box-content\">\n\n\t\t\t\t\t\t\t\t\t<h3 class=\"elementor-icon-box-title\">\n\t\t\t\t\t\t<span  >\n\t\t\t\t\t\t\tReal Estate Agency\t\t\t\t\t\t<\/span>\n\t\t\t\t\t<\/h3>\n\t\t\t\t\n\t\t\t\t\t\t\t\t\t<p class=\"elementor-icon-box-description\">\n\t\t\t\t\t\tTresor, mediante su empresa de bienes ra\u00edces, ayuda a sus clientes a alcanzar sus objetivos inmobiliarios, ofreciendo un servicio confiable y profesional en la compra, venta y arrendamiento de propiedades.\t\t\t\t\t<\/p>\n\t\t\t\t\n\t\t\t<\/div>\n\t\t\t\n\t\t<\/div>\n\t\t\t\t\t\t<\/div>\n\t\t\t\t\t<\/div>\n\t\t<\/div>\n\t\t\t\t\t<\/div>\n\t\t<\/section>\n\t\t\t\t<\/div>","protected":false},"excerpt":{"rendered":"<p>Inventarios, listas de precio, presentaciones a tu alcance.<\/p>","protected":false},"author":1,"featured_media":987720,"parent":0,"menu_order":0,"comment_status":"closed","ping_status":"closed","template":"elementor_header_footer","meta":{"_monsterinsights_skip_tracking":false,"_monsterinsights_sitenote_active":false,"_monsterinsights_sitenote_note":"","_monsterinsights_sitenote_category":0,"footnotes":""},"class_list":["post-988958","page","type-page","status-publish","has-post-thumbnail","hentry"],"yoast_head":"<!-- This site is optimized with the Yoast SEO plugin v26.8 - https:\/\/yoast.com\/product\/yoast-seo-wordpress\/ -->\n<title>Comercializaci\u00f3n - Desarrollo, Gesti&oacute;n y Comercializaci&oacute;n de Proyectos Inmobiliarios<\/title>\n<meta name=\"robots\" content=\"index, follow, max-snippet:-1, max-image-preview:large, max-video-preview:-1\" \/>\n<link rel=\"canonical\" href=\"https:\/\/tresor.mx\/en\/comercializacion\/\" \/>\n<meta property=\"og:locale\" content=\"en_US\" \/>\n<meta property=\"og:type\" content=\"article\" \/>\n<meta property=\"og:title\" content=\"Media Kit de desarrollos\" \/>\n<meta property=\"og:description\" content=\"Inventarios, listas de precio, presentaciones a tu alcance.\" \/>\n<meta property=\"og:url\" content=\"https:\/\/tresor.mx\/en\/comercializacion\/\" \/>\n<meta property=\"og:site_name\" content=\"Desarrollo, Gesti&oacute;n y Comercializaci&oacute;n de Proyectos Inmobiliarios\" \/>\n<meta property=\"article:modified_time\" content=\"2025-09-17T18:28:41+00:00\" \/>\n<meta property=\"og:image\" content=\"https:\/\/tresor.mx\/wp-content\/uploads\/2023\/04\/TresorCuadrado.jpg\" \/>\n\t<meta property=\"og:image:width\" content=\"1072\" \/>\n\t<meta property=\"og:image:height\" content=\"992\" \/>\n\t<meta property=\"og:image:type\" content=\"image\/jpeg\" \/>\n<meta name=\"twitter:card\" content=\"summary_large_image\" \/>\n<meta name=\"twitter:label1\" content=\"Est. reading time\" \/>\n\t<meta name=\"twitter:data1\" content=\"1 minute\" \/>\n<script type=\"application\/ld+json\" class=\"yoast-schema-graph\">{\"@context\":\"https:\/\/schema.org\",\"@graph\":[{\"@type\":\"WebPage\",\"@id\":\"https:\/\/tresor.mx\/comercializacion\/\",\"url\":\"https:\/\/tresor.mx\/comercializacion\/\",\"name\":\"Comercializaci\u00f3n - Desarrollo, Gesti&oacute;n y Comercializaci&oacute;n de Proyectos Inmobiliarios\",\"isPartOf\":{\"@id\":\"https:\/\/tresor.mx\/#website\"},\"primaryImageOfPage\":{\"@id\":\"https:\/\/tresor.mx\/comercializacion\/#primaryimage\"},\"image\":{\"@id\":\"https:\/\/tresor.mx\/comercializacion\/#primaryimage\"},\"thumbnailUrl\":\"https:\/\/tresor.mx\/wp-content\/uploads\/2023\/04\/TresorCuadrado.jpg\",\"datePublished\":\"2023-05-03T16:15:32+00:00\",\"dateModified\":\"2025-09-17T18:28:41+00:00\",\"breadcrumb\":{\"@id\":\"https:\/\/tresor.mx\/comercializacion\/#breadcrumb\"},\"inLanguage\":\"en-US\",\"potentialAction\":[{\"@type\":\"ReadAction\",\"target\":[\"https:\/\/tresor.mx\/comercializacion\/\"]}]},{\"@type\":\"ImageObject\",\"inLanguage\":\"en-US\",\"@id\":\"https:\/\/tresor.mx\/comercializacion\/#primaryimage\",\"url\":\"https:\/\/tresor.mx\/wp-content\/uploads\/2023\/04\/TresorCuadrado.jpg\",\"contentUrl\":\"https:\/\/tresor.mx\/wp-content\/uploads\/2023\/04\/TresorCuadrado.jpg\",\"width\":1072,\"height\":992},{\"@type\":\"BreadcrumbList\",\"@id\":\"https:\/\/tresor.mx\/comercializacion\/#breadcrumb\",\"itemListElement\":[{\"@type\":\"ListItem\",\"position\":1,\"name\":\"Portada\",\"item\":\"https:\/\/tresor.mx\/\"},{\"@type\":\"ListItem\",\"position\":2,\"name\":\"Comercializaci\u00f3n\"}]},{\"@type\":\"WebSite\",\"@id\":\"https:\/\/tresor.mx\/#website\",\"url\":\"https:\/\/tresor.mx\/\",\"name\":\"Desarrollo, Gesti&oacute;n y Comercializaci&oacute;n de Proyectos Inmobiliarios\",\"description\":\"\",\"publisher\":{\"@id\":\"https:\/\/tresor.mx\/#organization\"},\"potentialAction\":[{\"@type\":\"SearchAction\",\"target\":{\"@type\":\"EntryPoint\",\"urlTemplate\":\"https:\/\/tresor.mx\/?s={search_term_string}\"},\"query-input\":{\"@type\":\"PropertyValueSpecification\",\"valueRequired\":true,\"valueName\":\"search_term_string\"}}],\"inLanguage\":\"en-US\"},{\"@type\":\"Organization\",\"@id\":\"https:\/\/tresor.mx\/#organization\",\"name\":\"Desarrollo, Gesti&oacute;n y Comercializaci&oacute;n de Proyectos Inmobiliarios\",\"url\":\"https:\/\/tresor.mx\/\",\"logo\":{\"@type\":\"ImageObject\",\"inLanguage\":\"en-US\",\"@id\":\"https:\/\/tresor.mx\/#\/schema\/logo\/image\/\",\"url\":\"https:\/\/tresor.mx\/wp-content\/uploads\/2025\/04\/tresorlogo.png\",\"contentUrl\":\"https:\/\/tresor.mx\/wp-content\/uploads\/2025\/04\/tresorlogo.png\",\"width\":405,\"height\":221,\"caption\":\"Desarrollo, Gesti&oacute;n y Comercializaci&oacute;n de Proyectos Inmobiliarios\"},\"image\":{\"@id\":\"https:\/\/tresor.mx\/#\/schema\/logo\/image\/\"}}]}<\/script>\n<!-- \/ Yoast SEO plugin. -->","yoast_head_json":{"title":"Comercializaci\u00f3n - Desarrollo, Gesti&oacute;n y Comercializaci&oacute;n de Proyectos Inmobiliarios","robots":{"index":"index","follow":"follow","max-snippet":"max-snippet:-1","max-image-preview":"max-image-preview:large","max-video-preview":"max-video-preview:-1"},"canonical":"https:\/\/tresor.mx\/en\/comercializacion\/","og_locale":"en_US","og_type":"article","og_title":"Media Kit de desarrollos","og_description":"Inventarios, listas de precio, presentaciones a tu alcance.","og_url":"https:\/\/tresor.mx\/en\/comercializacion\/","og_site_name":"Desarrollo, Gesti&oacute;n y Comercializaci&oacute;n de Proyectos Inmobiliarios","article_modified_time":"2025-09-17T18:28:41+00:00","og_image":[{"width":1072,"height":992,"url":"https:\/\/tresor.mx\/wp-content\/uploads\/2023\/04\/TresorCuadrado.jpg","type":"image\/jpeg"}],"twitter_card":"summary_large_image","twitter_misc":{"Est. reading time":"1 minute"},"schema":{"@context":"https:\/\/schema.org","@graph":[{"@type":"WebPage","@id":"https:\/\/tresor.mx\/comercializacion\/","url":"https:\/\/tresor.mx\/comercializacion\/","name":"Comercializaci\u00f3n - Desarrollo, Gesti&oacute;n y Comercializaci&oacute;n de Proyectos Inmobiliarios","isPartOf":{"@id":"https:\/\/tresor.mx\/#website"},"primaryImageOfPage":{"@id":"https:\/\/tresor.mx\/comercializacion\/#primaryimage"},"image":{"@id":"https:\/\/tresor.mx\/comercializacion\/#primaryimage"},"thumbnailUrl":"https:\/\/tresor.mx\/wp-content\/uploads\/2023\/04\/TresorCuadrado.jpg","datePublished":"2023-05-03T16:15:32+00:00","dateModified":"2025-09-17T18:28:41+00:00","breadcrumb":{"@id":"https:\/\/tresor.mx\/comercializacion\/#breadcrumb"},"inLanguage":"en-US","potentialAction":[{"@type":"ReadAction","target":["https:\/\/tresor.mx\/comercializacion\/"]}]},{"@type":"ImageObject","inLanguage":"en-US","@id":"https:\/\/tresor.mx\/comercializacion\/#primaryimage","url":"https:\/\/tresor.mx\/wp-content\/uploads\/2023\/04\/TresorCuadrado.jpg","contentUrl":"https:\/\/tresor.mx\/wp-content\/uploads\/2023\/04\/TresorCuadrado.jpg","width":1072,"height":992},{"@type":"BreadcrumbList","@id":"https:\/\/tresor.mx\/comercializacion\/#breadcrumb","itemListElement":[{"@type":"ListItem","position":1,"name":"Portada","item":"https:\/\/tresor.mx\/"},{"@type":"ListItem","position":2,"name":"Comercializaci\u00f3n"}]},{"@type":"WebSite","@id":"https:\/\/tresor.mx\/#website","url":"https:\/\/tresor.mx\/","name":"Desarrollo, Gesti&oacute;n y Comercializaci&oacute;n de Proyectos Inmobiliarios","description":"","publisher":{"@id":"https:\/\/tresor.mx\/#organization"},"potentialAction":[{"@type":"SearchAction","target":{"@type":"EntryPoint","urlTemplate":"https:\/\/tresor.mx\/?s={search_term_string}"},"query-input":{"@type":"PropertyValueSpecification","valueRequired":true,"valueName":"search_term_string"}}],"inLanguage":"en-US"},{"@type":"Organization","@id":"https:\/\/tresor.mx\/#organization","name":"Desarrollo, Gesti&oacute;n y Comercializaci&oacute;n de Proyectos Inmobiliarios","url":"https:\/\/tresor.mx\/","logo":{"@type":"ImageObject","inLanguage":"en-US","@id":"https:\/\/tresor.mx\/#\/schema\/logo\/image\/","url":"https:\/\/tresor.mx\/wp-content\/uploads\/2025\/04\/tresorlogo.png","contentUrl":"https:\/\/tresor.mx\/wp-content\/uploads\/2025\/04\/tresorlogo.png","width":405,"height":221,"caption":"Desarrollo, Gesti&oacute;n y Comercializaci&oacute;n de Proyectos Inmobiliarios"},"image":{"@id":"https:\/\/tresor.mx\/#\/schema\/logo\/image\/"}}]}},"_links":{"self":[{"href":"https:\/\/tresor.mx\/en\/wp-json\/wp\/v2\/pages\/988958","targetHints":{"allow":["GET"]}}],"collection":[{"href":"https:\/\/tresor.mx\/en\/wp-json\/wp\/v2\/pages"}],"about":[{"href":"https:\/\/tresor.mx\/en\/wp-json\/wp\/v2\/types\/page"}],"author":[{"embeddable":true,"href":"https:\/\/tresor.mx\/en\/wp-json\/wp\/v2\/users\/1"}],"replies":[{"embeddable":true,"href":"https:\/\/tresor.mx\/en\/wp-json\/wp\/v2\/comments?post=988958"}],"version-history":[{"count":42,"href":"https:\/\/tresor.mx\/en\/wp-json\/wp\/v2\/pages\/988958\/revisions"}],"predecessor-version":[{"id":995603,"href":"https:\/\/tresor.mx\/en\/wp-json\/wp\/v2\/pages\/988958\/revisions\/995603"}],"wp:featuredmedia":[{"embeddable":true,"href":"https:\/\/tresor.mx\/en\/wp-json\/wp\/v2\/media\/987720"}],"wp:attachment":[{"href":"https:\/\/tresor.mx\/en\/wp-json\/wp\/v2\/media?parent=988958"}],"curies":[{"name":"wp","href":"https:\/\/api.w.org\/{rel}","templated":true}]}}