{"id":988523,"date":"2023-04-24T20:48:30","date_gmt":"2023-04-24T20:48:30","guid":{"rendered":"https:\/\/tresorrealestate.com\/newsite\/?page_id=988523"},"modified":"2025-04-15T17:32:35","modified_gmt":"2025-04-15T17:32:35","slug":"contacto","status":"publish","type":"page","link":"https:\/\/tresor.mx\/en\/contacto\/","title":{"rendered":"Contacto"},"content":{"rendered":"<div data-elementor-type=\"wp-page\" data-elementor-id=\"988523\" class=\"elementor elementor-988523\" data-elementor-post-type=\"page\">\n\t\t\t\t\t\t<section class=\"elementor-section elementor-top-section elementor-element elementor-element-672c757 elementor-section-content-middle elementor-section-boxed elementor-section-height-default elementor-section-height-default\" data-id=\"672c757\" data-element_type=\"section\" data-e-type=\"section\" data-settings=\"{&quot;background_background&quot;:&quot;classic&quot;}\">\n\t\t\t\t\t\t\t<div class=\"elementor-background-overlay\"><\/div>\n\t\t\t\t\t\t\t<div class=\"elementor-container elementor-column-gap-no\">\n\t\t\t\t\t<div class=\"elementor-column elementor-col-50 elementor-top-column elementor-element elementor-element-2d7a15c\" data-id=\"2d7a15c\" data-element_type=\"column\" data-e-type=\"column\">\n\t\t\t<div class=\"elementor-widget-wrap elementor-element-populated\">\n\t\t\t\t\t\t<div class=\"elementor-element elementor-element-da88b62 elementor-widget elementor-widget-heading\" data-id=\"da88b62\" data-element_type=\"widget\" data-e-type=\"widget\" data-widget_type=\"heading.default\">\n\t\t\t\t\t<h2 class=\"elementor-heading-title elementor-size-default\">CONTACT US<\/h2>\t\t\t\t<\/div>\n\t\t\t\t<div class=\"elementor-element elementor-element-a775811 elementor-widget elementor-widget-text-editor\" data-id=\"a775811\" data-element_type=\"widget\" data-e-type=\"widget\" data-settings=\"{&quot;_animation&quot;:&quot;none&quot;,&quot;_animation_tablet&quot;:&quot;none&quot;,&quot;_animation_delay&quot;:200}\" data-widget_type=\"text-editor.default\">\n\t\t\t\t\t\t\t\t\t<p>Are you interested in learning more about investing in the Riviera Maya? We are at your service through the following means:<\/p>\t\t\t\t\t\t\t\t<\/div>\n\t\t\t\t<div class=\"elementor-element elementor-element-efab33c elementor-position-inline-start elementor-view-default elementor-mobile-position-block-start elementor-widget elementor-widget-icon-box\" data-id=\"efab33c\" data-element_type=\"widget\" data-e-type=\"widget\" data-widget_type=\"icon-box.default\">\n\t\t\t\t\t\t\t<div class=\"elementor-icon-box-wrapper\">\n\n\t\t\t\t\t\t<div class=\"elementor-icon-box-icon\">\n\t\t\t\t<span  class=\"elementor-icon\">\n\t\t\t\t<svg aria-hidden=\"true\" class=\"e-font-icon-svg e-fab-whatsapp\" viewbox=\"0 0 448 512\" xmlns=\"http:\/\/www.w3.org\/2000\/svg\"><path d=\"M380.9 97.1C339 55.1 283.2 32 223.9 32c-122.4 0-222 99.6-222 222 0 39.1 10.2 77.3 29.6 111L0 480l117.7-30.9c32.4 17.7 68.9 27 106.1 27h.1c122.3 0 224.1-99.6 224.1-222 0-59.3-25.2-115-67.1-157zm-157 341.6c-33.2 0-65.7-8.9-94-25.7l-6.7-4-69.8 18.3L72 359.2l-4.4-7c-18.5-29.4-28.2-63.3-28.2-98.2 0-101.7 82.8-184.5 184.6-184.5 49.3 0 95.6 19.2 130.4 54.1 34.8 34.9 56.2 81.2 56.1 130.5 0 101.8-84.9 184.6-186.6 184.6zm101.2-138.2c-5.5-2.8-32.8-16.2-37.9-18-5.1-1.9-8.8-2.8-12.5 2.8-3.7 5.6-14.3 18-17.6 21.8-3.2 3.7-6.5 4.2-12 1.4-32.6-16.3-54-29.1-75.5-66-5.7-9.8 5.7-9.1 16.3-30.3 1.8-3.7.9-6.9-.5-9.7-1.4-2.8-12.5-30.1-17.1-41.2-4.5-10.8-9.1-9.3-12.5-9.5-3.2-.2-6.9-.2-10.6-.2-3.7 0-9.7 1.4-14.8 6.9-5.1 5.6-19.4 19-19.4 46.3 0 27.3 19.9 53.7 22.6 57.4 2.8 3.7 39.1 59.7 94.8 83.8 35.2 15.2 49 16.5 66.6 13.9 10.7-1.6 32.8-13.4 37.4-26.4 4.6-13 4.6-24.1 3.2-26.4-1.3-2.5-5-3.9-10.5-6.6z\"><\/path><\/svg>\t\t\t\t<\/span>\n\t\t\t<\/div>\n\t\t\t\n\t\t\t\t\t\t<div class=\"elementor-icon-box-content\">\n\n\t\t\t\t\t\t\t\t\t<h3 class=\"elementor-icon-box-title\">\n\t\t\t\t\t\t<span  >\n\t\t\t\t\t\t\t998 404 5602\t\t\t\t\t\t<\/span>\n\t\t\t\t\t<\/h3>\n\t\t\t\t\n\t\t\t\t\n\t\t\t<\/div>\n\t\t\t\n\t\t<\/div>\n\t\t\t\t\t\t<\/div>\n\t\t\t\t<div class=\"elementor-element elementor-element-a541a98 elementor-position-inline-start elementor-view-default elementor-mobile-position-block-start elementor-widget elementor-widget-icon-box\" data-id=\"a541a98\" data-element_type=\"widget\" data-e-type=\"widget\" data-widget_type=\"icon-box.default\">\n\t\t\t\t\t\t\t<div class=\"elementor-icon-box-wrapper\">\n\n\t\t\t\t\t\t<div class=\"elementor-icon-box-icon\">\n\t\t\t\t<span  class=\"elementor-icon\">\n\t\t\t\t<svg aria-hidden=\"true\" class=\"e-font-icon-svg e-fas-envelope\" viewbox=\"0 0 512 512\" xmlns=\"http:\/\/www.w3.org\/2000\/svg\"><path d=\"M502.3 190.8c3.9-3.1 9.7-.2 9.7 4.7V400c0 26.5-21.5 48-48 48H48c-26.5 0-48-21.5-48-48V195.6c0-5 5.7-7.8 9.7-4.7 22.4 17.4 52.1 39.5 154.1 113.6 21.1 15.4 56.7 47.8 92.2 47.6 35.7.3 72-32.8 92.3-47.6 102-74.1 131.6-96.3 154-113.7zM256 320c23.2.4 56.6-29.2 73.4-41.4 132.7-96.3 142.8-104.7 173.4-128.7 5.8-4.5 9.2-11.5 9.2-18.9v-19c0-26.5-21.5-48-48-48H48C21.5 64 0 85.5 0 112v19c0 7.4 3.4 14.3 9.2 18.9 30.6 23.9 40.7 32.4 173.4 128.7 16.8 12.2 50.2 41.8 73.4 41.4z\"><\/path><\/svg>\t\t\t\t<\/span>\n\t\t\t<\/div>\n\t\t\t\n\t\t\t\t\t\t<div class=\"elementor-icon-box-content\">\n\n\t\t\t\t\t\t\t\t\t<h3 class=\"elementor-icon-box-title\">\n\t\t\t\t\t\t<span  >\n\t\t\t\t\t\t\thello@tresor.mx\t\t\t\t\t\t<\/span>\n\t\t\t\t\t<\/h3>\n\t\t\t\t\n\t\t\t\t\n\t\t\t<\/div>\n\t\t\t\n\t\t<\/div>\n\t\t\t\t\t\t<\/div>\n\t\t\t\t<div class=\"elementor-element elementor-element-a734541 elementor-position-inline-start elementor-view-default elementor-mobile-position-block-start elementor-widget elementor-widget-icon-box\" data-id=\"a734541\" data-element_type=\"widget\" data-e-type=\"widget\" data-widget_type=\"icon-box.default\">\n\t\t\t\t\t\t\t<div class=\"elementor-icon-box-wrapper\">\n\n\t\t\t\t\t\t<div class=\"elementor-icon-box-icon\">\n\t\t\t\t<span  class=\"elementor-icon\">\n\t\t\t\t<svg aria-hidden=\"true\" class=\"e-font-icon-svg e-fas-map-pin\" viewbox=\"0 0 288 512\" xmlns=\"http:\/\/www.w3.org\/2000\/svg\"><path d=\"M112 316.94v156.69l22.02 33.02c4.75 7.12 15.22 7.12 19.97 0L176 473.63V316.94c-10.39 1.92-21.06 3.06-32 3.06s-21.61-1.14-32-3.06zM144 0C64.47 0 0 64.47 0 144s64.47 144 144 144 144-64.47 144-144S223.53 0 144 0zm0 76c-37.5 0-68 30.5-68 68 0 6.62-5.38 12-12 12s-12-5.38-12-12c0-50.73 41.28-92 92-92 6.62 0 12 5.38 12 12s-5.38 12-12 12z\"><\/path><\/svg>\t\t\t\t<\/span>\n\t\t\t<\/div>\n\t\t\t\n\t\t\t\t\t\t<div class=\"elementor-icon-box-content\">\n\n\t\t\t\t\t\t\t\t\t<h3 class=\"elementor-icon-box-title\">\n\t\t\t\t\t\t<span  >\n\t\t\t\t\t\t\tPlaza Espacio, S-214. Puerto Canc\u00fan, ZH. Canc\u00fan, M\u00e9xico.\t\t\t\t\t\t<\/span>\n\t\t\t\t\t<\/h3>\n\t\t\t\t\n\t\t\t\t\n\t\t\t<\/div>\n\t\t\t\n\t\t<\/div>\n\t\t\t\t\t\t<\/div>\n\t\t\t\t<div class=\"elementor-element elementor-element-35df83d elementor-position-inline-start elementor-view-default elementor-mobile-position-block-start elementor-widget elementor-widget-icon-box\" data-id=\"35df83d\" data-element_type=\"widget\" data-e-type=\"widget\" data-widget_type=\"icon-box.default\">\n\t\t\t\t\t\t\t<div class=\"elementor-icon-box-wrapper\">\n\n\t\t\t\t\t\t<div class=\"elementor-icon-box-icon\">\n\t\t\t\t<span  class=\"elementor-icon\">\n\t\t\t\t<svg aria-hidden=\"true\" class=\"e-font-icon-svg e-fas-map-pin\" viewbox=\"0 0 288 512\" xmlns=\"http:\/\/www.w3.org\/2000\/svg\"><path d=\"M112 316.94v156.69l22.02 33.02c4.75 7.12 15.22 7.12 19.97 0L176 473.63V316.94c-10.39 1.92-21.06 3.06-32 3.06s-21.61-1.14-32-3.06zM144 0C64.47 0 0 64.47 0 144s64.47 144 144 144 144-64.47 144-144S223.53 0 144 0zm0 76c-37.5 0-68 30.5-68 68 0 6.62-5.38 12-12 12s-12-5.38-12-12c0-50.73 41.28-92 92-92 6.62 0 12 5.38 12 12s-5.38 12-12 12z\"><\/path><\/svg>\t\t\t\t<\/span>\n\t\t\t<\/div>\n\t\t\t\n\t\t\t\t\t\t<div class=\"elementor-icon-box-content\">\n\n\t\t\t\t\t\t\t\t\t<h3 class=\"elementor-icon-box-title\">\n\t\t\t\t\t\t<span  >\n\t\t\t\t\t\t\tAmira Residence, Aldea Zam\u00e1, Tulum, M\u00e9xico.\t\t\t\t\t\t<\/span>\n\t\t\t\t\t<\/h3>\n\t\t\t\t\n\t\t\t\t\n\t\t\t<\/div>\n\t\t\t\n\t\t<\/div>\n\t\t\t\t\t\t<\/div>\n\t\t\t\t\t<\/div>\n\t\t<\/div>\n\t\t\t\t<div class=\"elementor-column elementor-col-50 elementor-top-column elementor-element elementor-element-40df965\" data-id=\"40df965\" data-element_type=\"column\" data-e-type=\"column\" data-settings=\"{&quot;background_background&quot;:&quot;classic&quot;}\">\n\t\t\t<div class=\"elementor-widget-wrap elementor-element-populated\">\n\t\t\t\t\t\t<div class=\"elementor-element elementor-element-5582ba0 elementor-widget elementor-widget-text-editor\" data-id=\"5582ba0\" data-element_type=\"widget\" data-e-type=\"widget\" data-settings=\"{&quot;_animation&quot;:&quot;none&quot;,&quot;_animation_tablet&quot;:&quot;none&quot;,&quot;_animation_delay&quot;:200}\" data-widget_type=\"text-editor.default\">\n\t\t\t\t\t\t\t\t\t<p>Please complete the following form to be contacted by a consultant:<\/p>\t\t\t\t\t\t\t\t<\/div>\n\t\t\t\t<div class=\"elementor-element elementor-element-7f2b1dc elementor-widget elementor-widget-html\" data-id=\"7f2b1dc\" data-element_type=\"widget\" data-e-type=\"widget\" data-widget_type=\"html.default\">\n\t\t\t\t\t<script charset=\"utf-8\" type=\"text\/javascript\" src=\"\/\/js.hsforms.net\/forms\/embed\/v2.js\"><\/script>\n<script>\n  hbspt.forms.create({\n    portalId: \"21714378\",\n    formId: \"88625199-e185-48fa-9194-552f11968e07\",\n    region: \"na1\"\n  });\n<\/script>\t\t\t\t<\/div>\n\t\t\t\t\t<\/div>\n\t\t<\/div>\n\t\t\t\t\t<\/div>\n\t\t<\/section>\n\t\t\t\t<\/div>","protected":false},"excerpt":{"rendered":"<p>\u00a1\u00danete y gana excelentes comisiones al promover los proyectos residenciales y comerciales m\u00e1s atractivos de Canc\u00fan y Riviera Maya! <\/p>","protected":false},"author":1,"featured_media":987720,"parent":0,"menu_order":0,"comment_status":"closed","ping_status":"closed","template":"elementor_header_footer","meta":{"_monsterinsights_skip_tracking":false,"_monsterinsights_sitenote_active":false,"_monsterinsights_sitenote_note":"","_monsterinsights_sitenote_category":0,"footnotes":""},"class_list":["post-988523","page","type-page","status-publish","has-post-thumbnail","hentry"],"yoast_head":"<!-- This site is optimized with the Yoast SEO plugin v26.8 - https:\/\/yoast.com\/product\/yoast-seo-wordpress\/ -->\n<title>Contacto - Desarrollo, Gesti&oacute;n y Comercializaci&oacute;n de Proyectos Inmobiliarios<\/title>\n<meta name=\"robots\" content=\"index, follow, max-snippet:-1, max-image-preview:large, max-video-preview:-1\" \/>\n<link rel=\"canonical\" href=\"https:\/\/tresor.mx\/en\/contacto\/\" \/>\n<meta property=\"og:locale\" content=\"en_US\" \/>\n<meta property=\"og:type\" content=\"article\" \/>\n<meta property=\"og:title\" content=\"Reg\u00edstrate como broker\" \/>\n<meta property=\"og:description\" content=\"\u00a1\u00danete y gana excelentes comisiones al promover los proyectos residenciales y comerciales m\u00e1s atractivos de Canc\u00fan y Riviera Maya!\" \/>\n<meta property=\"og:url\" content=\"https:\/\/tresor.mx\/en\/contacto\/\" \/>\n<meta property=\"og:site_name\" content=\"Desarrollo, Gesti&oacute;n y Comercializaci&oacute;n de Proyectos Inmobiliarios\" \/>\n<meta property=\"article:modified_time\" content=\"2025-04-15T17:32:35+00:00\" \/>\n<meta property=\"og:image\" content=\"https:\/\/tresor.mx\/wp-content\/uploads\/2023\/04\/TresorCuadrado.jpg\" \/>\n\t<meta property=\"og:image:width\" content=\"1072\" \/>\n\t<meta property=\"og:image:height\" content=\"992\" \/>\n\t<meta property=\"og:image:type\" content=\"image\/jpeg\" \/>\n<meta name=\"twitter:card\" content=\"summary_large_image\" \/>\n<meta name=\"twitter:label1\" content=\"Est. reading time\" \/>\n\t<meta name=\"twitter:data1\" content=\"1 minute\" \/>\n<script type=\"application\/ld+json\" class=\"yoast-schema-graph\">{\"@context\":\"https:\/\/schema.org\",\"@graph\":[{\"@type\":\"WebPage\",\"@id\":\"https:\/\/tresor.mx\/contacto\/\",\"url\":\"https:\/\/tresor.mx\/contacto\/\",\"name\":\"Contacto - Desarrollo, Gesti&oacute;n y Comercializaci&oacute;n de Proyectos Inmobiliarios\",\"isPartOf\":{\"@id\":\"https:\/\/tresor.mx\/#website\"},\"primaryImageOfPage\":{\"@id\":\"https:\/\/tresor.mx\/contacto\/#primaryimage\"},\"image\":{\"@id\":\"https:\/\/tresor.mx\/contacto\/#primaryimage\"},\"thumbnailUrl\":\"https:\/\/tresor.mx\/wp-content\/uploads\/2023\/04\/TresorCuadrado.jpg\",\"datePublished\":\"2023-04-24T20:48:30+00:00\",\"dateModified\":\"2025-04-15T17:32:35+00:00\",\"breadcrumb\":{\"@id\":\"https:\/\/tresor.mx\/contacto\/#breadcrumb\"},\"inLanguage\":\"en-US\",\"potentialAction\":[{\"@type\":\"ReadAction\",\"target\":[\"https:\/\/tresor.mx\/contacto\/\"]}]},{\"@type\":\"ImageObject\",\"inLanguage\":\"en-US\",\"@id\":\"https:\/\/tresor.mx\/contacto\/#primaryimage\",\"url\":\"https:\/\/tresor.mx\/wp-content\/uploads\/2023\/04\/TresorCuadrado.jpg\",\"contentUrl\":\"https:\/\/tresor.mx\/wp-content\/uploads\/2023\/04\/TresorCuadrado.jpg\",\"width\":1072,\"height\":992},{\"@type\":\"BreadcrumbList\",\"@id\":\"https:\/\/tresor.mx\/contacto\/#breadcrumb\",\"itemListElement\":[{\"@type\":\"ListItem\",\"position\":1,\"name\":\"Portada\",\"item\":\"https:\/\/tresor.mx\/\"},{\"@type\":\"ListItem\",\"position\":2,\"name\":\"Contacto\"}]},{\"@type\":\"WebSite\",\"@id\":\"https:\/\/tresor.mx\/#website\",\"url\":\"https:\/\/tresor.mx\/\",\"name\":\"Desarrollo, Gesti&oacute;n y Comercializaci&oacute;n de Proyectos Inmobiliarios\",\"description\":\"\",\"publisher\":{\"@id\":\"https:\/\/tresor.mx\/#organization\"},\"potentialAction\":[{\"@type\":\"SearchAction\",\"target\":{\"@type\":\"EntryPoint\",\"urlTemplate\":\"https:\/\/tresor.mx\/?s={search_term_string}\"},\"query-input\":{\"@type\":\"PropertyValueSpecification\",\"valueRequired\":true,\"valueName\":\"search_term_string\"}}],\"inLanguage\":\"en-US\"},{\"@type\":\"Organization\",\"@id\":\"https:\/\/tresor.mx\/#organization\",\"name\":\"Desarrollo, Gesti&oacute;n y Comercializaci&oacute;n de Proyectos Inmobiliarios\",\"url\":\"https:\/\/tresor.mx\/\",\"logo\":{\"@type\":\"ImageObject\",\"inLanguage\":\"en-US\",\"@id\":\"https:\/\/tresor.mx\/#\/schema\/logo\/image\/\",\"url\":\"https:\/\/tresor.mx\/wp-content\/uploads\/2025\/04\/tresorlogo.png\",\"contentUrl\":\"https:\/\/tresor.mx\/wp-content\/uploads\/2025\/04\/tresorlogo.png\",\"width\":405,\"height\":221,\"caption\":\"Desarrollo, Gesti&oacute;n y Comercializaci&oacute;n de Proyectos Inmobiliarios\"},\"image\":{\"@id\":\"https:\/\/tresor.mx\/#\/schema\/logo\/image\/\"}}]}<\/script>\n<!-- \/ Yoast SEO plugin. -->","yoast_head_json":{"title":"Contacto - Desarrollo, Gesti&oacute;n y Comercializaci&oacute;n de Proyectos Inmobiliarios","robots":{"index":"index","follow":"follow","max-snippet":"max-snippet:-1","max-image-preview":"max-image-preview:large","max-video-preview":"max-video-preview:-1"},"canonical":"https:\/\/tresor.mx\/en\/contacto\/","og_locale":"en_US","og_type":"article","og_title":"Reg\u00edstrate como broker","og_description":"\u00a1\u00danete y gana excelentes comisiones al promover los proyectos residenciales y comerciales m\u00e1s atractivos de Canc\u00fan y Riviera Maya!","og_url":"https:\/\/tresor.mx\/en\/contacto\/","og_site_name":"Desarrollo, Gesti&oacute;n y Comercializaci&oacute;n de Proyectos Inmobiliarios","article_modified_time":"2025-04-15T17:32:35+00:00","og_image":[{"width":1072,"height":992,"url":"https:\/\/tresor.mx\/wp-content\/uploads\/2023\/04\/TresorCuadrado.jpg","type":"image\/jpeg"}],"twitter_card":"summary_large_image","twitter_misc":{"Est. reading time":"1 minute"},"schema":{"@context":"https:\/\/schema.org","@graph":[{"@type":"WebPage","@id":"https:\/\/tresor.mx\/contacto\/","url":"https:\/\/tresor.mx\/contacto\/","name":"Contacto - Desarrollo, Gesti&oacute;n y Comercializaci&oacute;n de Proyectos Inmobiliarios","isPartOf":{"@id":"https:\/\/tresor.mx\/#website"},"primaryImageOfPage":{"@id":"https:\/\/tresor.mx\/contacto\/#primaryimage"},"image":{"@id":"https:\/\/tresor.mx\/contacto\/#primaryimage"},"thumbnailUrl":"https:\/\/tresor.mx\/wp-content\/uploads\/2023\/04\/TresorCuadrado.jpg","datePublished":"2023-04-24T20:48:30+00:00","dateModified":"2025-04-15T17:32:35+00:00","breadcrumb":{"@id":"https:\/\/tresor.mx\/contacto\/#breadcrumb"},"inLanguage":"en-US","potentialAction":[{"@type":"ReadAction","target":["https:\/\/tresor.mx\/contacto\/"]}]},{"@type":"ImageObject","inLanguage":"en-US","@id":"https:\/\/tresor.mx\/contacto\/#primaryimage","url":"https:\/\/tresor.mx\/wp-content\/uploads\/2023\/04\/TresorCuadrado.jpg","contentUrl":"https:\/\/tresor.mx\/wp-content\/uploads\/2023\/04\/TresorCuadrado.jpg","width":1072,"height":992},{"@type":"BreadcrumbList","@id":"https:\/\/tresor.mx\/contacto\/#breadcrumb","itemListElement":[{"@type":"ListItem","position":1,"name":"Portada","item":"https:\/\/tresor.mx\/"},{"@type":"ListItem","position":2,"name":"Contacto"}]},{"@type":"WebSite","@id":"https:\/\/tresor.mx\/#website","url":"https:\/\/tresor.mx\/","name":"Desarrollo, Gesti&oacute;n y Comercializaci&oacute;n de Proyectos Inmobiliarios","description":"","publisher":{"@id":"https:\/\/tresor.mx\/#organization"},"potentialAction":[{"@type":"SearchAction","target":{"@type":"EntryPoint","urlTemplate":"https:\/\/tresor.mx\/?s={search_term_string}"},"query-input":{"@type":"PropertyValueSpecification","valueRequired":true,"valueName":"search_term_string"}}],"inLanguage":"en-US"},{"@type":"Organization","@id":"https:\/\/tresor.mx\/#organization","name":"Desarrollo, Gesti&oacute;n y Comercializaci&oacute;n de Proyectos Inmobiliarios","url":"https:\/\/tresor.mx\/","logo":{"@type":"ImageObject","inLanguage":"en-US","@id":"https:\/\/tresor.mx\/#\/schema\/logo\/image\/","url":"https:\/\/tresor.mx\/wp-content\/uploads\/2025\/04\/tresorlogo.png","contentUrl":"https:\/\/tresor.mx\/wp-content\/uploads\/2025\/04\/tresorlogo.png","width":405,"height":221,"caption":"Desarrollo, Gesti&oacute;n y Comercializaci&oacute;n de Proyectos Inmobiliarios"},"image":{"@id":"https:\/\/tresor.mx\/#\/schema\/logo\/image\/"}}]}},"_links":{"self":[{"href":"https:\/\/tresor.mx\/en\/wp-json\/wp\/v2\/pages\/988523","targetHints":{"allow":["GET"]}}],"collection":[{"href":"https:\/\/tresor.mx\/en\/wp-json\/wp\/v2\/pages"}],"about":[{"href":"https:\/\/tresor.mx\/en\/wp-json\/wp\/v2\/types\/page"}],"author":[{"embeddable":true,"href":"https:\/\/tresor.mx\/en\/wp-json\/wp\/v2\/users\/1"}],"replies":[{"embeddable":true,"href":"https:\/\/tresor.mx\/en\/wp-json\/wp\/v2\/comments?post=988523"}],"version-history":[{"count":42,"href":"https:\/\/tresor.mx\/en\/wp-json\/wp\/v2\/pages\/988523\/revisions"}],"predecessor-version":[{"id":991968,"href":"https:\/\/tresor.mx\/en\/wp-json\/wp\/v2\/pages\/988523\/revisions\/991968"}],"wp:featuredmedia":[{"embeddable":true,"href":"https:\/\/tresor.mx\/en\/wp-json\/wp\/v2\/media\/987720"}],"wp:attachment":[{"href":"https:\/\/tresor.mx\/en\/wp-json\/wp\/v2\/media?parent=988523"}],"curies":[{"name":"wp","href":"https:\/\/api.w.org\/{rel}","templated":true}]}}