{"id":988113,"date":"2023-04-23T14:12:40","date_gmt":"2023-04-23T14:12:40","guid":{"rendered":"https:\/\/tresorrealestate.com\/newsite\/?page_id=988113"},"modified":"2023-06-14T05:10:48","modified_gmt":"2023-06-14T05:10:48","slug":"registro-brokers","status":"publish","type":"page","link":"https:\/\/tresor.mx\/en\/brokers\/registro-brokers\/","title":{"rendered":"Registro Brokers"},"content":{"rendered":"<div data-elementor-type=\"wp-page\" data-elementor-id=\"988113\" class=\"elementor elementor-988113\" data-elementor-post-type=\"page\">\n\t\t\t\t\t\t<section class=\"elementor-section elementor-top-section elementor-element elementor-element-672c757 elementor-section-content-middle elementor-section-boxed elementor-section-height-default elementor-section-height-default\" data-id=\"672c757\" data-element_type=\"section\" data-e-type=\"section\" data-settings=\"{&quot;background_background&quot;:&quot;classic&quot;}\">\n\t\t\t\t\t\t\t<div class=\"elementor-background-overlay\"><\/div>\n\t\t\t\t\t\t\t<div class=\"elementor-container elementor-column-gap-no\">\n\t\t\t\t\t<div class=\"elementor-column elementor-col-50 elementor-top-column elementor-element elementor-element-2d7a15c\" data-id=\"2d7a15c\" data-element_type=\"column\" data-e-type=\"column\">\n\t\t\t<div class=\"elementor-widget-wrap elementor-element-populated\">\n\t\t\t\t\t\t<div class=\"elementor-element elementor-element-eec9a44 elementor-view-default elementor-widget elementor-widget-icon\" data-id=\"eec9a44\" data-element_type=\"widget\" data-e-type=\"widget\" data-widget_type=\"icon.default\">\n\t\t\t\t\t\t\t<div class=\"elementor-icon-wrapper\">\n\t\t\t<div class=\"elementor-icon\">\n\t\t\t\t\t\t<\/div>\n\t\t<\/div>\n\t\t\t\t\t\t<\/div>\n\t\t\t\t<div class=\"elementor-element elementor-element-da88b62 elementor-widget elementor-widget-heading\" data-id=\"da88b62\" data-element_type=\"widget\" data-e-type=\"widget\" data-widget_type=\"heading.default\">\n\t\t\t\t\t<h2 class=\"elementor-heading-title elementor-size-default\">1. Registro en el Programa para Brokers y Agencias Inmobiliarias<\/h2>\t\t\t\t<\/div>\n\t\t\t\t<div class=\"elementor-element elementor-element-a775811 elementor-widget elementor-widget-text-editor\" data-id=\"a775811\" data-element_type=\"widget\" data-e-type=\"widget\" data-settings=\"{&quot;_animation&quot;:&quot;none&quot;,&quot;_animation_tablet&quot;:&quot;none&quot;,&quot;_animation_delay&quot;:200}\" data-widget_type=\"text-editor.default\">\n\t\t\t\t\t\t\t\t\t<p>\u00a1\u00danete y gana excelentes comisiones al promover los proyectos residenciales y comerciales m\u00e1s atractivos de Canc\u00fan y Riviera Maya!\u00a0<\/p>\t\t\t\t\t\t\t\t<\/div>\n\t\t\t\t\t<\/div>\n\t\t<\/div>\n\t\t\t\t<div class=\"elementor-column elementor-col-50 elementor-top-column elementor-element elementor-element-40df965\" data-id=\"40df965\" data-element_type=\"column\" data-e-type=\"column\" data-settings=\"{&quot;background_background&quot;:&quot;classic&quot;}\">\n\t\t\t<div class=\"elementor-widget-wrap elementor-element-populated\">\n\t\t\t\t\t\t<div class=\"elementor-element elementor-element-5582ba0 elementor-widget elementor-widget-text-editor\" data-id=\"5582ba0\" data-element_type=\"widget\" data-e-type=\"widget\" data-settings=\"{&quot;_animation&quot;:&quot;none&quot;,&quot;_animation_tablet&quot;:&quot;none&quot;,&quot;_animation_delay&quot;:200}\" data-widget_type=\"text-editor.default\">\n\t\t\t\t\t\t\t\t\t<p>Favor de completar el siguiente formulario para darte de alta:<\/p>\t\t\t\t\t\t\t\t<\/div>\n\t\t\t\t<div class=\"elementor-element elementor-element-7f2b1dc elementor-widget elementor-widget-html\" data-id=\"7f2b1dc\" data-element_type=\"widget\" data-e-type=\"widget\" data-widget_type=\"html.default\">\n\t\t\t\t\t<script charset=\"utf-8\" type=\"text\/javascript\" src=\"\/\/js.hsforms.net\/forms\/embed\/v2.js\"><\/script>\n<script>\n  hbspt.forms.create({\n    region: \"na1\",\n    portalId: \"21714378\",\n    formId: \"1d034ed9-8405-4df8-8013-2e7851e6bb33\"\n  });\n<\/script>\t\t\t\t<\/div>\n\t\t\t\t\t<\/div>\n\t\t<\/div>\n\t\t\t\t\t<\/div>\n\t\t<\/section>\n\t\t\t\t<section class=\"elementor-section elementor-top-section elementor-element elementor-element-225f2f10 elementor-section-boxed elementor-section-height-default elementor-section-height-default\" data-id=\"225f2f10\" data-element_type=\"section\" data-e-type=\"section\" data-settings=\"{&quot;background_background&quot;:&quot;classic&quot;}\">\n\t\t\t\t\t\t<div class=\"elementor-container elementor-column-gap-default\">\n\t\t\t\t\t<div class=\"elementor-column elementor-col-100 elementor-top-column elementor-element elementor-element-5537aae0\" data-id=\"5537aae0\" data-element_type=\"column\" data-e-type=\"column\">\n\t\t\t<div class=\"elementor-widget-wrap elementor-element-populated\">\n\t\t\t\t\t\t<section class=\"elementor-section elementor-inner-section elementor-element elementor-element-11239f3e elementor-section-content-top elementor-section-boxed elementor-section-height-default elementor-section-height-default\" data-id=\"11239f3e\" data-element_type=\"section\" data-e-type=\"section\">\n\t\t\t\t\t\t<div class=\"elementor-container elementor-column-gap-default\">\n\t\t\t\t\t<div class=\"elementor-column elementor-col-50 elementor-inner-column elementor-element elementor-element-7b008d34\" data-id=\"7b008d34\" data-element_type=\"column\" data-e-type=\"column\">\n\t\t\t<div class=\"elementor-widget-wrap elementor-element-populated\">\n\t\t\t\t\t\t<div class=\"elementor-element elementor-element-61085dcf elementor-position-block-start elementor-view-default elementor-mobile-position-block-start elementor-widget elementor-widget-icon-box\" data-id=\"61085dcf\" data-element_type=\"widget\" data-e-type=\"widget\" data-widget_type=\"icon-box.default\">\n\t\t\t\t\t\t\t<div class=\"elementor-icon-box-wrapper\">\n\n\t\t\t\t\t\t<div class=\"elementor-icon-box-icon\">\n\t\t\t\t<span  class=\"elementor-icon\">\n\t\t\t\t<svg aria-hidden=\"true\" class=\"e-font-icon-svg e-far-calendar-check\" viewbox=\"0 0 448 512\" xmlns=\"http:\/\/www.w3.org\/2000\/svg\"><path d=\"M400 64h-48V12c0-6.627-5.373-12-12-12h-40c-6.627 0-12 5.373-12 12v52H160V12c0-6.627-5.373-12-12-12h-40c-6.627 0-12 5.373-12 12v52H48C21.49 64 0 85.49 0 112v352c0 26.51 21.49 48 48 48h352c26.51 0 48-21.49 48-48V112c0-26.51-21.49-48-48-48zm-6 400H54a6 6 0 0 1-6-6V160h352v298a6 6 0 0 1-6 6zm-52.849-200.65L198.842 404.519c-4.705 4.667-12.303 4.637-16.971-.068l-75.091-75.699c-4.667-4.705-4.637-12.303.068-16.971l22.719-22.536c4.705-4.667 12.303-4.637 16.97.069l44.104 44.461 111.072-110.181c4.705-4.667 12.303-4.637 16.971.068l22.536 22.718c4.667 4.705 4.636 12.303-.069 16.97z\"><\/path><\/svg>\t\t\t\t<\/span>\n\t\t\t<\/div>\n\t\t\t\n\t\t\t\t\t\t<div class=\"elementor-icon-box-content\">\n\n\t\t\t\t\t\t\t\t\t<h3 class=\"elementor-icon-box-title\">\n\t\t\t\t\t\t<span  >\n\t\t\t\t\t\t\t2. Agenda una cita para conocer los desarrollos y realizar un recorrido\t\t\t\t\t\t<\/span>\n\t\t\t\t\t<\/h3>\n\t\t\t\t\n\t\t\t\t\t\t\t\t\t<p class=\"elementor-icon-box-description\">\n\t\t\t\t\t\tUna vez registrado agenda una visita o video llamada con nuestros asesores para que te den una presentaci\u00f3n de los desarrollos.\t\t\t\t\t<\/p>\n\t\t\t\t\n\t\t\t<\/div>\n\t\t\t\n\t\t<\/div>\n\t\t\t\t\t\t<\/div>\n\t\t\t\t<div class=\"vamtam-has-theme-widget-styles elementor-element elementor-element-cc01c52 elementor-align-center vamtam-has-underline-anim elementor-widget elementor-widget-button\" data-id=\"cc01c52\" data-element_type=\"widget\" data-e-type=\"widget\" data-widget_type=\"button.default\">\n\t\t\t\t\t\t\t\t\t\t<a class=\"elementor-button elementor-button-link elementor-size-sm\" href=\"https:\/\/tresor.mx\/en\/brokers\/agenda-una-visita\/\">\n\t\t\t\t\t\t<span class=\"elementor-button-content-wrapper\">\n\t\t\t\t\t\t\t\t\t<span class=\"elementor-button-text\">Schedule Presentation<\/span>\n\t\t\t\t\t<\/span>\n\t\t\t\t\t<\/a>\n\t\t\t\t\t\t\t\t<\/div>\n\t\t\t\t\t<\/div>\n\t\t<\/div>\n\t\t\t\t<div class=\"elementor-column elementor-col-50 elementor-inner-column elementor-element elementor-element-394d8576\" data-id=\"394d8576\" data-element_type=\"column\" data-e-type=\"column\">\n\t\t\t<div class=\"elementor-widget-wrap elementor-element-populated\">\n\t\t\t\t\t\t<div class=\"elementor-element elementor-element-667e7012 elementor-position-block-start elementor-view-default elementor-mobile-position-block-start elementor-widget elementor-widget-icon-box\" data-id=\"667e7012\" data-element_type=\"widget\" data-e-type=\"widget\" data-widget_type=\"icon-box.default\">\n\t\t\t\t\t\t\t<div class=\"elementor-icon-box-wrapper\">\n\n\t\t\t\t\t\t<div class=\"elementor-icon-box-icon\">\n\t\t\t\t<span  class=\"elementor-icon\">\n\t\t\t\t<svg aria-hidden=\"true\" class=\"e-font-icon-svg e-fas-user-check\" viewbox=\"0 0 640 512\" xmlns=\"http:\/\/www.w3.org\/2000\/svg\"><path d=\"M224 256c70.7 0 128-57.3 128-128S294.7 0 224 0 96 57.3 96 128s57.3 128 128 128zm89.6 32h-16.7c-22.2 10.2-46.9 16-72.9 16s-50.6-5.8-72.9-16h-16.7C60.2 288 0 348.2 0 422.4V464c0 26.5 21.5 48 48 48h352c26.5 0 48-21.5 48-48v-41.6c0-74.2-60.2-134.4-134.4-134.4zm323-128.4l-27.8-28.1c-4.6-4.7-12.1-4.7-16.8-.1l-104.8 104-45.5-45.8c-4.6-4.7-12.1-4.7-16.8-.1l-28.1 27.9c-4.7 4.6-4.7 12.1-.1 16.8l81.7 82.3c4.6 4.7 12.1 4.7 16.8.1l141.3-140.2c4.6-4.7 4.7-12.2.1-16.8z\"><\/path><\/svg>\t\t\t\t<\/span>\n\t\t\t<\/div>\n\t\t\t\n\t\t\t\t\t\t<div class=\"elementor-icon-box-content\">\n\n\t\t\t\t\t\t\t\t\t<h3 class=\"elementor-icon-box-title\">\n\t\t\t\t\t\t<span  >\n\t\t\t\t\t\t\t3. Registra a tus clientes\t\t\t\t\t\t<\/span>\n\t\t\t\t\t<\/h3>\n\t\t\t\t\n\t\t\t\t\t\t\t\t\t<p class=\"elementor-icon-box-description\">\n\t\t\t\t\t\tCada vez que tengas un cliente interesado reg\u00edstralo en nuestro sistema.\t\t\t\t\t<\/p>\n\t\t\t\t\n\t\t\t<\/div>\n\t\t\t\n\t\t<\/div>\n\t\t\t\t\t\t<\/div>\n\t\t\t\t<div class=\"vamtam-has-theme-widget-styles elementor-element elementor-element-a8df5de elementor-align-center vamtam-has-underline-anim elementor-widget elementor-widget-button\" data-id=\"a8df5de\" data-element_type=\"widget\" data-e-type=\"widget\" data-widget_type=\"button.default\">\n\t\t\t\t\t\t\t\t\t\t<a class=\"elementor-button elementor-button-link elementor-size-sm\" href=\"https:\/\/tresor.mx\/en\/brokers\/registro-clientes\/\">\n\t\t\t\t\t\t<span class=\"elementor-button-content-wrapper\">\n\t\t\t\t\t\t\t\t\t<span class=\"elementor-button-text\">Client Registration<\/span>\n\t\t\t\t\t<\/span>\n\t\t\t\t\t<\/a>\n\t\t\t\t\t\t\t\t<\/div>\n\t\t\t\t\t<\/div>\n\t\t<\/div>\n\t\t\t\t\t<\/div>\n\t\t<\/section>\n\t\t\t\t\t<\/div>\n\t\t<\/div>\n\t\t\t\t\t<\/div>\n\t\t<\/section>\n\t\t\t\t<section class=\"elementor-section elementor-top-section elementor-element elementor-element-fc49d35 elementor-section-boxed elementor-section-height-default elementor-section-height-default\" data-id=\"fc49d35\" data-element_type=\"section\" data-e-type=\"section\" data-settings=\"{&quot;background_background&quot;:&quot;classic&quot;}\">\n\t\t\t\t\t\t<div class=\"elementor-container elementor-column-gap-default\">\n\t\t\t\t\t<div class=\"elementor-column elementor-col-100 elementor-top-column elementor-element elementor-element-b8b7b26\" data-id=\"b8b7b26\" data-element_type=\"column\" data-e-type=\"column\">\n\t\t\t<div class=\"elementor-widget-wrap elementor-element-populated\">\n\t\t\t\t\t\t<div class=\"elementor-element elementor-element-887a994 elementor-widget-divider--view-line elementor-widget elementor-widget-divider\" data-id=\"887a994\" data-element_type=\"widget\" data-e-type=\"widget\" data-widget_type=\"divider.default\">\n\t\t\t\t\t\t\t<div class=\"elementor-divider\">\n\t\t\t<span class=\"elementor-divider-separator\">\n\t\t\t\t\t\t<\/span>\n\t\t<\/div>\n\t\t\t\t\t\t<\/div>\n\t\t\t\t<div class=\"elementor-element elementor-element-8036635 elementor-widget elementor-widget-text-editor\" data-id=\"8036635\" data-element_type=\"widget\" data-e-type=\"widget\" data-settings=\"{&quot;_animation&quot;:&quot;none&quot;,&quot;_animation_tablet&quot;:&quot;none&quot;,&quot;_animation_delay&quot;:200}\" data-widget_type=\"text-editor.default\">\n\t\t\t\t\t\t\t\t\t<p><em><b>\u00bfYa te encuentras registrado como broker?\u00a0<\/b><\/em>Accede a los media kit de broker de los diferentes desarrollos que actualmente comercializamos y encuentra listas de precios y materiales para promover f\u00e1cilmente con tu clientes.<\/p>\t\t\t\t\t\t\t\t<\/div>\n\t\t\t\t<div class=\"vamtam-has-theme-widget-styles elementor-element elementor-element-7956990 elementor-align-center vamtam-has-underline-anim elementor-widget elementor-widget-button\" data-id=\"7956990\" data-element_type=\"widget\" data-e-type=\"widget\" data-widget_type=\"button.default\">\n\t\t\t\t\t\t\t\t\t\t<a class=\"elementor-button elementor-button-link elementor-size-sm\" href=\"https:\/\/tresor.mx\/en\/brokers\/mediakits\/\">\n\t\t\t\t\t\t<span class=\"elementor-button-content-wrapper\">\n\t\t\t\t\t\t\t\t\t<span class=\"elementor-button-text\">Acceder  a Media Kit<\/span>\n\t\t\t\t\t<\/span>\n\t\t\t\t\t<\/a>\n\t\t\t\t\t\t\t\t<\/div>\n\t\t\t\t\t<\/div>\n\t\t<\/div>\n\t\t\t\t\t<\/div>\n\t\t<\/section>\n\t\t\t\t<\/div>","protected":false},"excerpt":{"rendered":"<p>\u00a1\u00danete y gana excelentes comisiones al promover los proyectos residenciales y comerciales m\u00e1s atractivos de Canc\u00fan y Riviera Maya! <\/p>","protected":false},"author":1,"featured_media":987720,"parent":988111,"menu_order":0,"comment_status":"closed","ping_status":"closed","template":"elementor_header_footer","meta":{"_monsterinsights_skip_tracking":false,"_monsterinsights_sitenote_active":false,"_monsterinsights_sitenote_note":"","_monsterinsights_sitenote_category":0,"footnotes":""},"class_list":["post-988113","page","type-page","status-publish","has-post-thumbnail","hentry"],"yoast_head":"<!-- This site is optimized with the Yoast SEO plugin v26.8 - https:\/\/yoast.com\/product\/yoast-seo-wordpress\/ -->\n<title>Registro Brokers - Desarrollo, Gesti&oacute;n y Comercializaci&oacute;n de Proyectos Inmobiliarios<\/title>\n<meta name=\"robots\" content=\"index, follow, max-snippet:-1, max-image-preview:large, max-video-preview:-1\" \/>\n<link rel=\"canonical\" href=\"https:\/\/tresor.mx\/en\/brokers\/registro-brokers\/\" \/>\n<meta property=\"og:locale\" content=\"en_US\" \/>\n<meta property=\"og:type\" content=\"article\" \/>\n<meta property=\"og:title\" content=\"Reg\u00edstrate como broker\" \/>\n<meta property=\"og:description\" content=\"\u00a1\u00danete y gana excelentes comisiones al promover los proyectos residenciales y comerciales m\u00e1s atractivos de Canc\u00fan y Riviera Maya!\" \/>\n<meta property=\"og:url\" content=\"https:\/\/tresor.mx\/en\/brokers\/registro-brokers\/\" \/>\n<meta property=\"og:site_name\" content=\"Desarrollo, Gesti&oacute;n y Comercializaci&oacute;n de Proyectos Inmobiliarios\" \/>\n<meta property=\"article:modified_time\" content=\"2023-06-14T05:10:48+00:00\" \/>\n<meta property=\"og:image\" content=\"https:\/\/tresor.mx\/wp-content\/uploads\/2023\/04\/TresorCuadrado.jpg\" \/>\n\t<meta property=\"og:image:width\" content=\"1072\" \/>\n\t<meta property=\"og:image:height\" content=\"992\" \/>\n\t<meta property=\"og:image:type\" content=\"image\/jpeg\" \/>\n<meta name=\"twitter:card\" content=\"summary_large_image\" \/>\n<meta name=\"twitter:label1\" content=\"Est. reading time\" \/>\n\t<meta name=\"twitter:data1\" content=\"1 minute\" \/>\n<script type=\"application\/ld+json\" class=\"yoast-schema-graph\">{\"@context\":\"https:\/\/schema.org\",\"@graph\":[{\"@type\":\"WebPage\",\"@id\":\"https:\/\/tresor.mx\/brokers\/registro-brokers\/\",\"url\":\"https:\/\/tresor.mx\/brokers\/registro-brokers\/\",\"name\":\"Registro Brokers - Desarrollo, Gesti&oacute;n y Comercializaci&oacute;n de Proyectos Inmobiliarios\",\"isPartOf\":{\"@id\":\"https:\/\/tresor.mx\/#website\"},\"primaryImageOfPage\":{\"@id\":\"https:\/\/tresor.mx\/brokers\/registro-brokers\/#primaryimage\"},\"image\":{\"@id\":\"https:\/\/tresor.mx\/brokers\/registro-brokers\/#primaryimage\"},\"thumbnailUrl\":\"https:\/\/tresor.mx\/wp-content\/uploads\/2023\/04\/TresorCuadrado.jpg\",\"datePublished\":\"2023-04-23T14:12:40+00:00\",\"dateModified\":\"2023-06-14T05:10:48+00:00\",\"breadcrumb\":{\"@id\":\"https:\/\/tresor.mx\/brokers\/registro-brokers\/#breadcrumb\"},\"inLanguage\":\"en-US\",\"potentialAction\":[{\"@type\":\"ReadAction\",\"target\":[\"https:\/\/tresor.mx\/brokers\/registro-brokers\/\"]}]},{\"@type\":\"ImageObject\",\"inLanguage\":\"en-US\",\"@id\":\"https:\/\/tresor.mx\/brokers\/registro-brokers\/#primaryimage\",\"url\":\"https:\/\/tresor.mx\/wp-content\/uploads\/2023\/04\/TresorCuadrado.jpg\",\"contentUrl\":\"https:\/\/tresor.mx\/wp-content\/uploads\/2023\/04\/TresorCuadrado.jpg\",\"width\":1072,\"height\":992},{\"@type\":\"BreadcrumbList\",\"@id\":\"https:\/\/tresor.mx\/brokers\/registro-brokers\/#breadcrumb\",\"itemListElement\":[{\"@type\":\"ListItem\",\"position\":1,\"name\":\"Portada\",\"item\":\"https:\/\/tresor.mx\/\"},{\"@type\":\"ListItem\",\"position\":2,\"name\":\"Brokers\",\"item\":\"https:\/\/tresor.mx\/brokers\/\"},{\"@type\":\"ListItem\",\"position\":3,\"name\":\"Registro Brokers\"}]},{\"@type\":\"WebSite\",\"@id\":\"https:\/\/tresor.mx\/#website\",\"url\":\"https:\/\/tresor.mx\/\",\"name\":\"Desarrollo, Gesti&oacute;n y Comercializaci&oacute;n de Proyectos Inmobiliarios\",\"description\":\"\",\"publisher\":{\"@id\":\"https:\/\/tresor.mx\/#organization\"},\"potentialAction\":[{\"@type\":\"SearchAction\",\"target\":{\"@type\":\"EntryPoint\",\"urlTemplate\":\"https:\/\/tresor.mx\/?s={search_term_string}\"},\"query-input\":{\"@type\":\"PropertyValueSpecification\",\"valueRequired\":true,\"valueName\":\"search_term_string\"}}],\"inLanguage\":\"en-US\"},{\"@type\":\"Organization\",\"@id\":\"https:\/\/tresor.mx\/#organization\",\"name\":\"Desarrollo, Gesti&oacute;n y Comercializaci&oacute;n de Proyectos Inmobiliarios\",\"url\":\"https:\/\/tresor.mx\/\",\"logo\":{\"@type\":\"ImageObject\",\"inLanguage\":\"en-US\",\"@id\":\"https:\/\/tresor.mx\/#\/schema\/logo\/image\/\",\"url\":\"https:\/\/tresor.mx\/wp-content\/uploads\/2025\/04\/tresorlogo.png\",\"contentUrl\":\"https:\/\/tresor.mx\/wp-content\/uploads\/2025\/04\/tresorlogo.png\",\"width\":405,\"height\":221,\"caption\":\"Desarrollo, Gesti&oacute;n y Comercializaci&oacute;n de Proyectos Inmobiliarios\"},\"image\":{\"@id\":\"https:\/\/tresor.mx\/#\/schema\/logo\/image\/\"}}]}<\/script>\n<!-- \/ Yoast SEO plugin. -->","yoast_head_json":{"title":"Registro Brokers - Desarrollo, Gesti&oacute;n y Comercializaci&oacute;n de Proyectos Inmobiliarios","robots":{"index":"index","follow":"follow","max-snippet":"max-snippet:-1","max-image-preview":"max-image-preview:large","max-video-preview":"max-video-preview:-1"},"canonical":"https:\/\/tresor.mx\/en\/brokers\/registro-brokers\/","og_locale":"en_US","og_type":"article","og_title":"Reg\u00edstrate como broker","og_description":"\u00a1\u00danete y gana excelentes comisiones al promover los proyectos residenciales y comerciales m\u00e1s atractivos de Canc\u00fan y Riviera Maya!","og_url":"https:\/\/tresor.mx\/en\/brokers\/registro-brokers\/","og_site_name":"Desarrollo, Gesti&oacute;n y Comercializaci&oacute;n de Proyectos Inmobiliarios","article_modified_time":"2023-06-14T05:10:48+00:00","og_image":[{"width":1072,"height":992,"url":"https:\/\/tresor.mx\/wp-content\/uploads\/2023\/04\/TresorCuadrado.jpg","type":"image\/jpeg"}],"twitter_card":"summary_large_image","twitter_misc":{"Est. reading time":"1 minute"},"schema":{"@context":"https:\/\/schema.org","@graph":[{"@type":"WebPage","@id":"https:\/\/tresor.mx\/brokers\/registro-brokers\/","url":"https:\/\/tresor.mx\/brokers\/registro-brokers\/","name":"Registro Brokers - Desarrollo, Gesti&oacute;n y Comercializaci&oacute;n de Proyectos Inmobiliarios","isPartOf":{"@id":"https:\/\/tresor.mx\/#website"},"primaryImageOfPage":{"@id":"https:\/\/tresor.mx\/brokers\/registro-brokers\/#primaryimage"},"image":{"@id":"https:\/\/tresor.mx\/brokers\/registro-brokers\/#primaryimage"},"thumbnailUrl":"https:\/\/tresor.mx\/wp-content\/uploads\/2023\/04\/TresorCuadrado.jpg","datePublished":"2023-04-23T14:12:40+00:00","dateModified":"2023-06-14T05:10:48+00:00","breadcrumb":{"@id":"https:\/\/tresor.mx\/brokers\/registro-brokers\/#breadcrumb"},"inLanguage":"en-US","potentialAction":[{"@type":"ReadAction","target":["https:\/\/tresor.mx\/brokers\/registro-brokers\/"]}]},{"@type":"ImageObject","inLanguage":"en-US","@id":"https:\/\/tresor.mx\/brokers\/registro-brokers\/#primaryimage","url":"https:\/\/tresor.mx\/wp-content\/uploads\/2023\/04\/TresorCuadrado.jpg","contentUrl":"https:\/\/tresor.mx\/wp-content\/uploads\/2023\/04\/TresorCuadrado.jpg","width":1072,"height":992},{"@type":"BreadcrumbList","@id":"https:\/\/tresor.mx\/brokers\/registro-brokers\/#breadcrumb","itemListElement":[{"@type":"ListItem","position":1,"name":"Portada","item":"https:\/\/tresor.mx\/"},{"@type":"ListItem","position":2,"name":"Brokers","item":"https:\/\/tresor.mx\/brokers\/"},{"@type":"ListItem","position":3,"name":"Registro Brokers"}]},{"@type":"WebSite","@id":"https:\/\/tresor.mx\/#website","url":"https:\/\/tresor.mx\/","name":"Desarrollo, Gesti&oacute;n y Comercializaci&oacute;n de Proyectos Inmobiliarios","description":"","publisher":{"@id":"https:\/\/tresor.mx\/#organization"},"potentialAction":[{"@type":"SearchAction","target":{"@type":"EntryPoint","urlTemplate":"https:\/\/tresor.mx\/?s={search_term_string}"},"query-input":{"@type":"PropertyValueSpecification","valueRequired":true,"valueName":"search_term_string"}}],"inLanguage":"en-US"},{"@type":"Organization","@id":"https:\/\/tresor.mx\/#organization","name":"Desarrollo, Gesti&oacute;n y Comercializaci&oacute;n de Proyectos Inmobiliarios","url":"https:\/\/tresor.mx\/","logo":{"@type":"ImageObject","inLanguage":"en-US","@id":"https:\/\/tresor.mx\/#\/schema\/logo\/image\/","url":"https:\/\/tresor.mx\/wp-content\/uploads\/2025\/04\/tresorlogo.png","contentUrl":"https:\/\/tresor.mx\/wp-content\/uploads\/2025\/04\/tresorlogo.png","width":405,"height":221,"caption":"Desarrollo, Gesti&oacute;n y Comercializaci&oacute;n de Proyectos Inmobiliarios"},"image":{"@id":"https:\/\/tresor.mx\/#\/schema\/logo\/image\/"}}]}},"_links":{"self":[{"href":"https:\/\/tresor.mx\/en\/wp-json\/wp\/v2\/pages\/988113","targetHints":{"allow":["GET"]}}],"collection":[{"href":"https:\/\/tresor.mx\/en\/wp-json\/wp\/v2\/pages"}],"about":[{"href":"https:\/\/tresor.mx\/en\/wp-json\/wp\/v2\/types\/page"}],"author":[{"embeddable":true,"href":"https:\/\/tresor.mx\/en\/wp-json\/wp\/v2\/users\/1"}],"replies":[{"embeddable":true,"href":"https:\/\/tresor.mx\/en\/wp-json\/wp\/v2\/comments?post=988113"}],"version-history":[{"count":9,"href":"https:\/\/tresor.mx\/en\/wp-json\/wp\/v2\/pages\/988113\/revisions"}],"predecessor-version":[{"id":989059,"href":"https:\/\/tresor.mx\/en\/wp-json\/wp\/v2\/pages\/988113\/revisions\/989059"}],"up":[{"embeddable":true,"href":"https:\/\/tresor.mx\/en\/wp-json\/wp\/v2\/pages\/988111"}],"wp:featuredmedia":[{"embeddable":true,"href":"https:\/\/tresor.mx\/en\/wp-json\/wp\/v2\/media\/987720"}],"wp:attachment":[{"href":"https:\/\/tresor.mx\/en\/wp-json\/wp\/v2\/media?parent=988113"}],"curies":[{"name":"wp","href":"https:\/\/api.w.org\/{rel}","templated":true}]}}